{"id":1778,"date":"2025-04-01T10:37:54","date_gmt":"2025-04-01T13:37:54","guid":{"rendered":"https:\/\/acuarelamontessori.cl\/?page_id=1778"},"modified":"2026-03-21T12:07:46","modified_gmt":"2026-03-21T15:07:46","slug":"talleres","status":"publish","type":"page","link":"https:\/\/acuarelamontessori.cl\/index.php\/talleres\/","title":{"rendered":"Talleres"},"content":{"rendered":"\t\t<div data-elementor-type=\"wp-page\" data-elementor-id=\"1778\" class=\"elementor elementor-1778\">\n\t\t\t\t<div class=\"elementor-element elementor-element-5daeb04 e-flex e-con-boxed e-con e-parent\" data-id=\"5daeb04\" data-element_type=\"container\">\n\t\t\t\t\t<div class=\"e-con-inner\">\n\t\t\t\t<div class=\"elementor-element elementor-element-613258a elementor-widget elementor-widget-spacer\" data-id=\"613258a\" data-element_type=\"widget\" data-widget_type=\"spacer.default\">\n\t\t\t\t<div class=\"elementor-widget-container\">\n\t\t\t\t\t\t\t<div class=\"elementor-spacer\">\n\t\t\t<div class=\"elementor-spacer-inner\"><\/div>\n\t\t<\/div>\n\t\t\t\t\t\t<\/div>\n\t\t\t\t<\/div>\n\t\t\t\t\t<\/div>\n\t\t\t\t<\/div>\n\t\t<div class=\"elementor-element elementor-element-7314361 e-flex e-con-boxed e-con e-parent\" data-id=\"7314361\" data-element_type=\"container\">\n\t\t\t\t\t<div class=\"e-con-inner\">\n\t\t\t\t<div class=\"elementor-element elementor-element-7fe6913 elementor-widget elementor-widget-heading\" data-id=\"7fe6913\" data-element_type=\"widget\" data-widget_type=\"heading.default\">\n\t\t\t\t<div class=\"elementor-widget-container\">\n\t\t\t\t\t<h2 class=\"elementor-heading-title elementor-size-default\">Talleres Extraprogram\u00e1ticos 2026<\/h2>\t\t\t\t<\/div>\n\t\t\t\t<\/div>\n\t\t\t\t\t<\/div>\n\t\t\t\t<\/div>\n\t\t<div class=\"elementor-element elementor-element-f8fe8b9 e-flex e-con-boxed e-con e-parent\" data-id=\"f8fe8b9\" data-element_type=\"container\">\n\t\t\t\t\t<div class=\"e-con-inner\">\n\t\t\t\t<div class=\"elementor-element elementor-element-c4b8065 elementor-widget elementor-widget-text-editor\" data-id=\"c4b8065\" data-element_type=\"widget\" data-widget_type=\"text-editor.default\">\n\t\t\t\t<div class=\"elementor-widget-container\">\n\t\t\t\t\t\t\t\t\t<p>Los talleres extraprogram\u00e1ticos en Acuarela Montessori comienzan en abril y son abiertos a toda la comunidad de Puc\u00f3n.<\/p><p>Las inscripciones son directamente con los facilitadores al n\u00famero de tel\u00e9fono correspondiente.<\/p>\t\t\t\t\t\t\t\t<\/div>\n\t\t\t\t<\/div>\n\t\t\t\t\t<\/div>\n\t\t\t\t<\/div>\n\t\t<div class=\"elementor-element elementor-element-e82df6a e-flex e-con-boxed e-con e-parent\" data-id=\"e82df6a\" data-element_type=\"container\">\n\t\t\t\t\t<div class=\"e-con-inner\">\n\t\t\t\t<div class=\"elementor-element elementor-element-e4e0325 elementor-widget elementor-widget-spacer\" data-id=\"e4e0325\" data-element_type=\"widget\" data-widget_type=\"spacer.default\">\n\t\t\t\t<div class=\"elementor-widget-container\">\n\t\t\t\t\t\t\t<div class=\"elementor-spacer\">\n\t\t\t<div class=\"elementor-spacer-inner\"><\/div>\n\t\t<\/div>\n\t\t\t\t\t\t<\/div>\n\t\t\t\t<\/div>\n\t\t\t\t\t<\/div>\n\t\t\t\t<\/div>\n\t\t<div class=\"elementor-element elementor-element-fcb7f46 e-grid e-con-boxed e-con e-parent\" data-id=\"fcb7f46\" data-element_type=\"container\">\n\t\t\t\t\t<div class=\"e-con-inner\">\n\t\t\t\t<div class=\"elementor-element elementor-element-c5fb2c0 elementor-widget elementor-widget-image\" data-id=\"c5fb2c0\" data-element_type=\"widget\" data-widget_type=\"image.default\">\n\t\t\t\t<div class=\"elementor-widget-container\">\n\t\t\t\t\t\t\t\t\t\t\t\t\t\t\t<img fetchpriority=\"high\" decoding=\"async\" width=\"819\" height=\"1024\" src=\"https:\/\/acuarelamontessori.cl\/wp-content\/uploads\/2026\/03\/14-819x1024.png\" class=\"attachment-large size-large wp-image-2601\" alt=\"\" srcset=\"https:\/\/acuarelamontessori.cl\/wp-content\/uploads\/2026\/03\/14-819x1024.png 819w, https:\/\/acuarelamontessori.cl\/wp-content\/uploads\/2026\/03\/14-240x300.png 240w, https:\/\/acuarelamontessori.cl\/wp-content\/uploads\/2026\/03\/14-768x960.png 768w, https:\/\/acuarelamontessori.cl\/wp-content\/uploads\/2026\/03\/14.png 1080w\" sizes=\"(max-width: 819px) 100vw, 819px\" \/>\t\t\t\t\t\t\t\t\t\t\t\t\t\t\t<\/div>\n\t\t\t\t<\/div>\n\t\t\t\t<div class=\"elementor-element elementor-element-bee3631 elementor-widget elementor-widget-image\" data-id=\"bee3631\" data-element_type=\"widget\" data-widget_type=\"image.default\">\n\t\t\t\t<div class=\"elementor-widget-container\">\n\t\t\t\t\t\t\t\t\t\t\t\t\t\t\t<img decoding=\"async\" width=\"819\" height=\"1024\" src=\"https:\/\/acuarelamontessori.cl\/wp-content\/uploads\/2026\/03\/15-819x1024.png\" class=\"attachment-large size-large wp-image-2602\" alt=\"\" srcset=\"https:\/\/acuarelamontessori.cl\/wp-content\/uploads\/2026\/03\/15-819x1024.png 819w, https:\/\/acuarelamontessori.cl\/wp-content\/uploads\/2026\/03\/15-240x300.png 240w, https:\/\/acuarelamontessori.cl\/wp-content\/uploads\/2026\/03\/15-768x960.png 768w, https:\/\/acuarelamontessori.cl\/wp-content\/uploads\/2026\/03\/15.png 1080w\" sizes=\"(max-width: 819px) 100vw, 819px\" \/>\t\t\t\t\t\t\t\t\t\t\t\t\t\t\t<\/div>\n\t\t\t\t<\/div>\n\t\t\t\t<div class=\"elementor-element elementor-element-ddacfcd elementor-widget elementor-widget-image\" data-id=\"ddacfcd\" data-element_type=\"widget\" data-widget_type=\"image.default\">\n\t\t\t\t<div class=\"elementor-widget-container\">\n\t\t\t\t\t\t\t\t\t\t\t\t\t\t\t<img decoding=\"async\" width=\"819\" height=\"1024\" src=\"https:\/\/acuarelamontessori.cl\/wp-content\/uploads\/2026\/03\/16-819x1024.png\" class=\"attachment-large size-large wp-image-2603\" alt=\"\" srcset=\"https:\/\/acuarelamontessori.cl\/wp-content\/uploads\/2026\/03\/16-819x1024.png 819w, https:\/\/acuarelamontessori.cl\/wp-content\/uploads\/2026\/03\/16-240x300.png 240w, https:\/\/acuarelamontessori.cl\/wp-content\/uploads\/2026\/03\/16-768x960.png 768w, https:\/\/acuarelamontessori.cl\/wp-content\/uploads\/2026\/03\/16.png 1080w\" sizes=\"(max-width: 819px) 100vw, 819px\" \/>\t\t\t\t\t\t\t\t\t\t\t\t\t\t\t<\/div>\n\t\t\t\t<\/div>\n\t\t\t\t<div class=\"elementor-element elementor-element-82cfa5c elementor-widget elementor-widget-image\" data-id=\"82cfa5c\" data-element_type=\"widget\" data-widget_type=\"image.default\">\n\t\t\t\t<div class=\"elementor-widget-container\">\n\t\t\t\t\t\t\t\t\t\t\t\t\t\t\t<img loading=\"lazy\" decoding=\"async\" width=\"819\" height=\"1024\" src=\"https:\/\/acuarelamontessori.cl\/wp-content\/uploads\/2026\/03\/17-819x1024.png\" class=\"attachment-large size-large wp-image-2604\" alt=\"\" srcset=\"https:\/\/acuarelamontessori.cl\/wp-content\/uploads\/2026\/03\/17-819x1024.png 819w, https:\/\/acuarelamontessori.cl\/wp-content\/uploads\/2026\/03\/17-240x300.png 240w, https:\/\/acuarelamontessori.cl\/wp-content\/uploads\/2026\/03\/17-768x960.png 768w, https:\/\/acuarelamontessori.cl\/wp-content\/uploads\/2026\/03\/17.png 1080w\" sizes=\"(max-width: 819px) 100vw, 819px\" \/>\t\t\t\t\t\t\t\t\t\t\t\t\t\t\t<\/div>\n\t\t\t\t<\/div>\n\t\t\t\t<div class=\"elementor-element elementor-element-278c1e7 elementor-widget elementor-widget-image\" data-id=\"278c1e7\" data-element_type=\"widget\" data-widget_type=\"image.default\">\n\t\t\t\t<div class=\"elementor-widget-container\">\n\t\t\t\t\t\t\t\t\t\t\t\t\t\t\t<img loading=\"lazy\" decoding=\"async\" width=\"819\" height=\"1024\" src=\"https:\/\/acuarelamontessori.cl\/wp-content\/uploads\/2026\/03\/18-819x1024.png\" class=\"attachment-large size-large wp-image-2615\" alt=\"\" srcset=\"https:\/\/acuarelamontessori.cl\/wp-content\/uploads\/2026\/03\/18-819x1024.png 819w, https:\/\/acuarelamontessori.cl\/wp-content\/uploads\/2026\/03\/18-240x300.png 240w, https:\/\/acuarelamontessori.cl\/wp-content\/uploads\/2026\/03\/18-768x960.png 768w, https:\/\/acuarelamontessori.cl\/wp-content\/uploads\/2026\/03\/18.png 1080w\" sizes=\"(max-width: 819px) 100vw, 819px\" \/>\t\t\t\t\t\t\t\t\t\t\t\t\t\t\t<\/div>\n\t\t\t\t<\/div>\n\t\t\t\t<div class=\"elementor-element elementor-element-4af38bf elementor-widget elementor-widget-image\" data-id=\"4af38bf\" data-element_type=\"widget\" data-widget_type=\"image.default\">\n\t\t\t\t<div class=\"elementor-widget-container\">\n\t\t\t\t\t\t\t\t\t\t\t\t\t\t\t<img loading=\"lazy\" decoding=\"async\" width=\"819\" height=\"1024\" src=\"https:\/\/acuarelamontessori.cl\/wp-content\/uploads\/2026\/03\/19-819x1024.png\" class=\"attachment-large size-large wp-image-2617\" alt=\"\" srcset=\"https:\/\/acuarelamontessori.cl\/wp-content\/uploads\/2026\/03\/19-819x1024.png 819w, https:\/\/acuarelamontessori.cl\/wp-content\/uploads\/2026\/03\/19-240x300.png 240w, https:\/\/acuarelamontessori.cl\/wp-content\/uploads\/2026\/03\/19-768x960.png 768w, https:\/\/acuarelamontessori.cl\/wp-content\/uploads\/2026\/03\/19.png 1080w\" sizes=\"(max-width: 819px) 100vw, 819px\" \/>\t\t\t\t\t\t\t\t\t\t\t\t\t\t\t<\/div>\n\t\t\t\t<\/div>\n\t\t\t\t<div class=\"elementor-element elementor-element-f2f6c51 elementor-widget elementor-widget-image\" data-id=\"f2f6c51\" data-element_type=\"widget\" data-widget_type=\"image.default\">\n\t\t\t\t<div class=\"elementor-widget-container\">\n\t\t\t\t\t\t\t\t\t\t\t\t\t\t\t<img loading=\"lazy\" decoding=\"async\" width=\"819\" height=\"1024\" src=\"https:\/\/acuarelamontessori.cl\/wp-content\/uploads\/2026\/03\/22-819x1024.png\" class=\"attachment-large size-large wp-image-2620\" alt=\"\" srcset=\"https:\/\/acuarelamontessori.cl\/wp-content\/uploads\/2026\/03\/22-819x1024.png 819w, https:\/\/acuarelamontessori.cl\/wp-content\/uploads\/2026\/03\/22-240x300.png 240w, https:\/\/acuarelamontessori.cl\/wp-content\/uploads\/2026\/03\/22-768x960.png 768w, https:\/\/acuarelamontessori.cl\/wp-content\/uploads\/2026\/03\/22.png 1080w\" sizes=\"(max-width: 819px) 100vw, 819px\" \/>\t\t\t\t\t\t\t\t\t\t\t\t\t\t\t<\/div>\n\t\t\t\t<\/div>\n\t\t\t\t<div class=\"elementor-element elementor-element-7db2986 elementor-widget elementor-widget-image\" data-id=\"7db2986\" data-element_type=\"widget\" data-widget_type=\"image.default\">\n\t\t\t\t<div class=\"elementor-widget-container\">\n\t\t\t\t\t\t\t\t\t\t\t\t\t\t\t<img loading=\"lazy\" decoding=\"async\" width=\"1080\" height=\"1350\" src=\"https:\/\/acuarelamontessori.cl\/wp-content\/uploads\/2026\/03\/ACUARELA-MONTESSORI-6.png\" class=\"attachment-full size-full wp-image-2621\" alt=\"\" srcset=\"https:\/\/acuarelamontessori.cl\/wp-content\/uploads\/2026\/03\/ACUARELA-MONTESSORI-6.png 1080w, https:\/\/acuarelamontessori.cl\/wp-content\/uploads\/2026\/03\/ACUARELA-MONTESSORI-6-240x300.png 240w, https:\/\/acuarelamontessori.cl\/wp-content\/uploads\/2026\/03\/ACUARELA-MONTESSORI-6-819x1024.png 819w, https:\/\/acuarelamontessori.cl\/wp-content\/uploads\/2026\/03\/ACUARELA-MONTESSORI-6-768x960.png 768w\" sizes=\"(max-width: 1080px) 100vw, 1080px\" \/>\t\t\t\t\t\t\t\t\t\t\t\t\t\t\t<\/div>\n\t\t\t\t<\/div>\n\t\t\t\t<div class=\"elementor-element elementor-element-277b109 elementor-widget elementor-widget-image\" data-id=\"277b109\" data-element_type=\"widget\" data-widget_type=\"image.default\">\n\t\t\t\t<div class=\"elementor-widget-container\">\n\t\t\t\t\t\t\t\t\t\t\t\t\t\t\t<img loading=\"lazy\" decoding=\"async\" width=\"1080\" height=\"1350\" src=\"https:\/\/acuarelamontessori.cl\/wp-content\/uploads\/2026\/03\/20.png\" class=\"attachment-full size-full wp-image-2618\" alt=\"\" srcset=\"https:\/\/acuarelamontessori.cl\/wp-content\/uploads\/2026\/03\/20.png 1080w, https:\/\/acuarelamontessori.cl\/wp-content\/uploads\/2026\/03\/20-240x300.png 240w, https:\/\/acuarelamontessori.cl\/wp-content\/uploads\/2026\/03\/20-819x1024.png 819w, https:\/\/acuarelamontessori.cl\/wp-content\/uploads\/2026\/03\/20-768x960.png 768w\" sizes=\"(max-width: 1080px) 100vw, 1080px\" \/>\t\t\t\t\t\t\t\t\t\t\t\t\t\t\t<\/div>\n\t\t\t\t<\/div>\n\t\t\t\t<div class=\"elementor-element elementor-element-ef16b02 elementor-widget elementor-widget-image\" data-id=\"ef16b02\" data-element_type=\"widget\" data-widget_type=\"image.default\">\n\t\t\t\t<div class=\"elementor-widget-container\">\n\t\t\t\t\t\t\t\t\t\t\t\t\t\t\t<img loading=\"lazy\" decoding=\"async\" width=\"819\" height=\"1024\" src=\"https:\/\/acuarelamontessori.cl\/wp-content\/uploads\/2026\/03\/25-819x1024.png\" class=\"attachment-large size-large wp-image-2624\" alt=\"\" srcset=\"https:\/\/acuarelamontessori.cl\/wp-content\/uploads\/2026\/03\/25-819x1024.png 819w, https:\/\/acuarelamontessori.cl\/wp-content\/uploads\/2026\/03\/25-240x300.png 240w, https:\/\/acuarelamontessori.cl\/wp-content\/uploads\/2026\/03\/25-768x960.png 768w, https:\/\/acuarelamontessori.cl\/wp-content\/uploads\/2026\/03\/25.png 1080w\" sizes=\"(max-width: 819px) 100vw, 819px\" \/>\t\t\t\t\t\t\t\t\t\t\t\t\t\t\t<\/div>\n\t\t\t\t<\/div>\n\t\t\t\t<div class=\"elementor-element elementor-element-5513613 elementor-widget elementor-widget-image\" data-id=\"5513613\" data-element_type=\"widget\" data-widget_type=\"image.default\">\n\t\t\t\t<div class=\"elementor-widget-container\">\n\t\t\t\t\t\t\t\t\t\t\t\t\t\t\t<img loading=\"lazy\" decoding=\"async\" width=\"819\" height=\"1024\" src=\"https:\/\/acuarelamontessori.cl\/wp-content\/uploads\/2026\/03\/23-819x1024.png\" class=\"attachment-large size-large wp-image-2622\" alt=\"\" srcset=\"https:\/\/acuarelamontessori.cl\/wp-content\/uploads\/2026\/03\/23-819x1024.png 819w, https:\/\/acuarelamontessori.cl\/wp-content\/uploads\/2026\/03\/23-240x300.png 240w, https:\/\/acuarelamontessori.cl\/wp-content\/uploads\/2026\/03\/23-768x960.png 768w, https:\/\/acuarelamontessori.cl\/wp-content\/uploads\/2026\/03\/23.png 1080w\" sizes=\"(max-width: 819px) 100vw, 819px\" \/>\t\t\t\t\t\t\t\t\t\t\t\t\t\t\t<\/div>\n\t\t\t\t<\/div>\n\t\t\t\t<div class=\"elementor-element elementor-element-2ff69e4 elementor-widget elementor-widget-image\" data-id=\"2ff69e4\" data-element_type=\"widget\" data-widget_type=\"image.default\">\n\t\t\t\t<div class=\"elementor-widget-container\">\n\t\t\t\t\t\t\t\t\t\t\t\t\t\t\t<img loading=\"lazy\" decoding=\"async\" width=\"819\" height=\"1024\" src=\"https:\/\/acuarelamontessori.cl\/wp-content\/uploads\/2026\/03\/24-819x1024.png\" class=\"attachment-large size-large wp-image-2623\" alt=\"\" srcset=\"https:\/\/acuarelamontessori.cl\/wp-content\/uploads\/2026\/03\/24-819x1024.png 819w, https:\/\/acuarelamontessori.cl\/wp-content\/uploads\/2026\/03\/24-240x300.png 240w, https:\/\/acuarelamontessori.cl\/wp-content\/uploads\/2026\/03\/24-768x960.png 768w, https:\/\/acuarelamontessori.cl\/wp-content\/uploads\/2026\/03\/24.png 1080w\" sizes=\"(max-width: 819px) 100vw, 819px\" \/>\t\t\t\t\t\t\t\t\t\t\t\t\t\t\t<\/div>\n\t\t\t\t<\/div>\n\t\t\t\t<div class=\"elementor-element elementor-element-c4d882d elementor-widget elementor-widget-image\" data-id=\"c4d882d\" data-element_type=\"widget\" data-widget_type=\"image.default\">\n\t\t\t\t<div class=\"elementor-widget-container\">\n\t\t\t\t\t\t\t\t\t\t\t\t\t\t\t<img loading=\"lazy\" decoding=\"async\" width=\"819\" height=\"1024\" src=\"https:\/\/acuarelamontessori.cl\/wp-content\/uploads\/2026\/03\/ACUARELA-MONTESSORI-5-819x1024.png\" class=\"attachment-large size-large wp-image-2626\" alt=\"\" srcset=\"https:\/\/acuarelamontessori.cl\/wp-content\/uploads\/2026\/03\/ACUARELA-MONTESSORI-5-819x1024.png 819w, https:\/\/acuarelamontessori.cl\/wp-content\/uploads\/2026\/03\/ACUARELA-MONTESSORI-5-240x300.png 240w, https:\/\/acuarelamontessori.cl\/wp-content\/uploads\/2026\/03\/ACUARELA-MONTESSORI-5-768x960.png 768w, https:\/\/acuarelamontessori.cl\/wp-content\/uploads\/2026\/03\/ACUARELA-MONTESSORI-5.png 1080w\" sizes=\"(max-width: 819px) 100vw, 819px\" \/>\t\t\t\t\t\t\t\t\t\t\t\t\t\t\t<\/div>\n\t\t\t\t<\/div>\n\t\t\t\t<div class=\"elementor-element elementor-element-7286a2b elementor-widget elementor-widget-image\" data-id=\"7286a2b\" data-element_type=\"widget\" data-widget_type=\"image.default\">\n\t\t\t\t<div class=\"elementor-widget-container\">\n\t\t\t\t\t\t\t\t\t\t\t\t\t\t\t<img loading=\"lazy\" decoding=\"async\" width=\"819\" height=\"1024\" src=\"https:\/\/acuarelamontessori.cl\/wp-content\/uploads\/2026\/03\/27-819x1024.png\" class=\"attachment-large size-large wp-image-2625\" alt=\"\" srcset=\"https:\/\/acuarelamontessori.cl\/wp-content\/uploads\/2026\/03\/27-819x1024.png 819w, https:\/\/acuarelamontessori.cl\/wp-content\/uploads\/2026\/03\/27-240x300.png 240w, https:\/\/acuarelamontessori.cl\/wp-content\/uploads\/2026\/03\/27-768x960.png 768w, https:\/\/acuarelamontessori.cl\/wp-content\/uploads\/2026\/03\/27.png 1080w\" sizes=\"(max-width: 819px) 100vw, 819px\" \/>\t\t\t\t\t\t\t\t\t\t\t\t\t\t\t<\/div>\n\t\t\t\t<\/div>\n\t\t\t\t\t<\/div>\n\t\t\t\t<\/div>\n\t\t<div class=\"elementor-element elementor-element-3116bef e-flex e-con-boxed e-con e-parent\" data-id=\"3116bef\" data-element_type=\"container\">\n\t\t\t\t\t<div class=\"e-con-inner\">\n\t\t\t\t<div class=\"elementor-element elementor-element-ccd4612 elementor-widget elementor-widget-spacer\" data-id=\"ccd4612\" data-element_type=\"widget\" data-widget_type=\"spacer.default\">\n\t\t\t\t<div class=\"elementor-widget-container\">\n\t\t\t\t\t\t\t<div class=\"elementor-spacer\">\n\t\t\t<div class=\"elementor-spacer-inner\"><\/div>\n\t\t<\/div>\n\t\t\t\t\t\t<\/div>\n\t\t\t\t<\/div>\n\t\t\t\t\t<\/div>\n\t\t\t\t<\/div>\n\t\t\t\t<\/div>\n\t\t","protected":false},"excerpt":{"rendered":"<p>Talleres Extraprogram\u00e1ticos 2026 Los talleres extraprogram\u00e1ticos en Acuarela Montessori comienzan en abril y son abiertos a toda la comunidad de Puc\u00f3n. Las inscripciones son directamente con los facilitadores al n\u00famero &hellip;<\/p>\n<p class=\"read-more\"> <a class=\"\" href=\"https:\/\/acuarelamontessori.cl\/index.php\/talleres\/\"> <span class=\"screen-reader-text\">Talleres<\/span> Read More &raquo;<\/a><\/p>\n","protected":false},"author":1,"featured_media":0,"parent":0,"menu_order":0,"comment_status":"closed","ping_status":"closed","template":"","meta":{"_uag_custom_page_level_css":"","site-sidebar-layout":"no-sidebar","site-content-layout":"page-builder","ast-global-header-display":"","ast-main-header-display":"","ast-hfb-above-header-display":"","ast-hfb-below-header-display":"","ast-hfb-mobile-header-display":"","site-post-title":"disabled","ast-breadcrumbs-content":"","ast-featured-img":"disabled","footer-sml-layout":"","theme-transparent-header-meta":"","adv-header-id-meta":"","stick-header-meta":"","header-above-stick-meta":"","header-main-stick-meta":"","header-below-stick-meta":"","footnotes":""},"class_list":["post-1778","page","type-page","status-publish","hentry"],"uagb_featured_image_src":{"full":false,"thumbnail":false,"medium":false,"medium_large":false,"large":false,"1536x1536":false,"2048x2048":false},"uagb_author_info":{"display_name":"acuarelaadmin","author_link":"https:\/\/acuarelamontessori.cl\/index.php\/author\/acuarelaadmin\/"},"uagb_comment_info":0,"uagb_excerpt":"Talleres Extraprogram\u00e1ticos 2026 Los talleres extraprogram\u00e1ticos en Acuarela Montessori comienzan en abril y son abiertos a toda la comunidad de Puc\u00f3n. Las inscripciones son directamente con los facilitadores al n\u00famero &hellip; Talleres Read More &raquo;","_links":{"self":[{"href":"https:\/\/acuarelamontessori.cl\/index.php\/wp-json\/wp\/v2\/pages\/1778","targetHints":{"allow":["GET"]}}],"collection":[{"href":"https:\/\/acuarelamontessori.cl\/index.php\/wp-json\/wp\/v2\/pages"}],"about":[{"href":"https:\/\/acuarelamontessori.cl\/index.php\/wp-json\/wp\/v2\/types\/page"}],"author":[{"embeddable":true,"href":"https:\/\/acuarelamontessori.cl\/index.php\/wp-json\/wp\/v2\/users\/1"}],"replies":[{"embeddable":true,"href":"https:\/\/acuarelamontessori.cl\/index.php\/wp-json\/wp\/v2\/comments?post=1778"}],"version-history":[{"count":23,"href":"https:\/\/acuarelamontessori.cl\/index.php\/wp-json\/wp\/v2\/pages\/1778\/revisions"}],"predecessor-version":[{"id":2632,"href":"https:\/\/acuarelamontessori.cl\/index.php\/wp-json\/wp\/v2\/pages\/1778\/revisions\/2632"}],"wp:attachment":[{"href":"https:\/\/acuarelamontessori.cl\/index.php\/wp-json\/wp\/v2\/media?parent=1778"}],"curies":[{"name":"wp","href":"https:\/\/api.w.org\/{rel}","templated":true}]}}