{"id":1855,"date":"2025-05-22T10:27:02","date_gmt":"2025-05-22T14:27:02","guid":{"rendered":"https:\/\/acuarelamontessori.cl\/?page_id=1855"},"modified":"2026-03-20T12:42:43","modified_gmt":"2026-03-20T15:42:43","slug":"nuestra-escuela","status":"publish","type":"page","link":"https:\/\/acuarelamontessori.cl\/index.php\/nuestra-escuela\/","title":{"rendered":"Nuestro colegio"},"content":{"rendered":"\t\t<div data-elementor-type=\"wp-page\" data-elementor-id=\"1855\" class=\"elementor elementor-1855\">\n\t\t\t\t<div class=\"elementor-element elementor-element-dc2cbce e-con-full e-flex e-con e-parent\" data-id=\"dc2cbce\" data-element_type=\"container\">\n\t\t\t\t<div class=\"elementor-element elementor-element-b3a72aa elementor-widget__width-inherit elementor-widget elementor-widget-image\" data-id=\"b3a72aa\" data-element_type=\"widget\" data-widget_type=\"image.default\">\n\t\t\t\t<div class=\"elementor-widget-container\">\n\t\t\t\t\t\t\t\t\t\t\t\t\t\t\t<img fetchpriority=\"high\" decoding=\"async\" width=\"2560\" height=\"1707\" src=\"https:\/\/acuarelamontessori.cl\/wp-content\/uploads\/2025\/06\/IMG_4395-scaled.jpg\" class=\"attachment-full size-full wp-image-2055\" alt=\"\" srcset=\"https:\/\/acuarelamontessori.cl\/wp-content\/uploads\/2025\/06\/IMG_4395-scaled.jpg 2560w, https:\/\/acuarelamontessori.cl\/wp-content\/uploads\/2025\/06\/IMG_4395-300x200.jpg 300w, https:\/\/acuarelamontessori.cl\/wp-content\/uploads\/2025\/06\/IMG_4395-1024x683.jpg 1024w, https:\/\/acuarelamontessori.cl\/wp-content\/uploads\/2025\/06\/IMG_4395-768x512.jpg 768w, https:\/\/acuarelamontessori.cl\/wp-content\/uploads\/2025\/06\/IMG_4395-1536x1024.jpg 1536w, https:\/\/acuarelamontessori.cl\/wp-content\/uploads\/2025\/06\/IMG_4395-2048x1365.jpg 2048w\" sizes=\"(max-width: 2560px) 100vw, 2560px\" \/>\t\t\t\t\t\t\t\t\t\t\t\t\t\t\t<\/div>\n\t\t\t\t<\/div>\n\t\t\t\t<\/div>\n\t\t<div class=\"elementor-element elementor-element-a17c72e e-flex e-con-boxed e-con e-parent\" data-id=\"a17c72e\" data-element_type=\"container\">\n\t\t\t\t\t<div class=\"e-con-inner\">\n\t\t<div class=\"elementor-element elementor-element-f4eca55 e-con-full e-flex e-con e-child\" data-id=\"f4eca55\" data-element_type=\"container\">\n\t\t\t\t<div class=\"elementor-element elementor-element-1cd586b elementor-widget elementor-widget-heading\" data-id=\"1cd586b\" data-element_type=\"widget\" data-widget_type=\"heading.default\">\n\t\t\t\t<div class=\"elementor-widget-container\">\n\t\t\t\t\t<h2 class=\"elementor-heading-title elementor-size-default\">Nuestra Escuela<\/h2>\t\t\t\t<\/div>\n\t\t\t\t<\/div>\n\t\t\t\t<\/div>\n\t\t\t\t<div class=\"elementor-element elementor-element-0386f09 elementor-widget elementor-widget-text-editor\" data-id=\"0386f09\" data-element_type=\"widget\" data-widget_type=\"text-editor.default\">\n\t\t\t\t<div class=\"elementor-widget-container\">\n\t\t\t\t\t\t\t\t\t<p>Somos un espacio educativo que promueve un <strong>aprendizaje respetuoso, consciente y profundamente conectado con el desarrollo integral<\/strong> de cada ni\u00f1o y ni\u00f1a. Basado en la <strong>Pedagog\u00eda<\/strong> <strong>Montessori<\/strong>,\u00a0 fomentamos la autonom\u00eda, la curiosidad natural y el amor por el aprendizaje, acompa\u00f1ando a cada estudiante en su propio ritmo y proceso.<\/p><p>Acuarela Montessori es m\u00e1s que un colegio: es una <strong>comunidad<\/strong>, que valora la infancia, el aprendizaje consciente y la formaci\u00f3n de personas \u00edntegras, capaces de desenvolverse con empat\u00eda, pensamiento cr\u00edtico y sentido de prop\u00f3sito en el mundo.<\/p>\t\t\t\t\t\t\t\t<\/div>\n\t\t\t\t<\/div>\n\t\t\t\t\t<\/div>\n\t\t\t\t<\/div>\n\t\t<div class=\"elementor-element elementor-element-e4c6465 e-con-full e-flex e-con e-parent\" data-id=\"e4c6465\" data-element_type=\"container\">\n\t\t\t\t<div class=\"elementor-element elementor-element-525b5df elementor-widget__width-inherit elementor-widget elementor-widget-image\" data-id=\"525b5df\" data-element_type=\"widget\" data-widget_type=\"image.default\">\n\t\t\t\t<div class=\"elementor-widget-container\">\n\t\t\t\t\t\t\t\t\t\t\t\t\t\t\t<img decoding=\"async\" width=\"2560\" height=\"1707\" src=\"https:\/\/acuarelamontessori.cl\/wp-content\/uploads\/2025\/06\/IMG_4459-scaled.jpg\" class=\"attachment-full size-full wp-image-2057\" alt=\"\" srcset=\"https:\/\/acuarelamontessori.cl\/wp-content\/uploads\/2025\/06\/IMG_4459-scaled.jpg 2560w, https:\/\/acuarelamontessori.cl\/wp-content\/uploads\/2025\/06\/IMG_4459-300x200.jpg 300w, https:\/\/acuarelamontessori.cl\/wp-content\/uploads\/2025\/06\/IMG_4459-1024x683.jpg 1024w, https:\/\/acuarelamontessori.cl\/wp-content\/uploads\/2025\/06\/IMG_4459-768x512.jpg 768w, https:\/\/acuarelamontessori.cl\/wp-content\/uploads\/2025\/06\/IMG_4459-1536x1024.jpg 1536w, https:\/\/acuarelamontessori.cl\/wp-content\/uploads\/2025\/06\/IMG_4459-2048x1365.jpg 2048w\" sizes=\"(max-width: 2560px) 100vw, 2560px\" \/>\t\t\t\t\t\t\t\t\t\t\t\t\t\t\t<\/div>\n\t\t\t\t<\/div>\n\t\t\t\t<\/div>\n\t\t<div class=\"elementor-element elementor-element-bd3a990 e-flex e-con-boxed e-con e-parent\" data-id=\"bd3a990\" data-element_type=\"container\">\n\t\t\t\t\t<div class=\"e-con-inner\">\n\t\t<div class=\"elementor-element elementor-element-458fe9c e-con-full e-flex e-con e-child\" data-id=\"458fe9c\" data-element_type=\"container\">\n\t\t\t\t<div class=\"elementor-element elementor-element-a4c32ac elementor-widget elementor-widget-heading\" data-id=\"a4c32ac\" data-element_type=\"widget\" data-widget_type=\"heading.default\">\n\t\t\t\t<div class=\"elementor-widget-container\">\n\t\t\t\t\t<h2 class=\"elementor-heading-title elementor-size-default\">Entorno<\/h2>\t\t\t\t<\/div>\n\t\t\t\t<\/div>\n\t\t\t\t<\/div>\n\t\t\t\t<div class=\"elementor-element elementor-element-52645a2 elementor-widget elementor-widget-text-editor\" data-id=\"52645a2\" data-element_type=\"widget\" data-widget_type=\"text-editor.default\">\n\t\t\t\t<div class=\"elementor-widget-container\">\n\t\t\t\t\t\t\t\t\t<p data-start=\"0\" data-end=\"412\">Nos encontramos ubicados en un entorno tranquilo, rodeado de naturaleza y a minutos del centro de Puc\u00f3n. Su entorno permite a ni\u00f1os y ni\u00f1as crecer\u00a0 en contacto directo con la naturaleza, favoreciendo el aprendizaje a trav\u00e9s de la experiencia, la observaci\u00f3n y el juego al aire libre, y promoviendo el desarrollo arm\u00f3nico de la infancia.<\/p><p data-start=\"414\" data-end=\"676\" data-is-last-node=\"\" data-is-only-node=\"\">\u00a0<\/p><p data-start=\"414\" data-end=\"676\" data-is-last-node=\"\" data-is-only-node=\"\">Este entorno privilegiado no solo aporta bienestar, sino que tambi\u00e9n se integra activamente en la propuesta educativa, promoviendo una relaci\u00f3n consciente con el medioambiente y fomentando valores de cuidado, respeto y sostenibilidad desde temprana edad.\u00a0<\/p>\t\t\t\t\t\t\t\t<\/div>\n\t\t\t\t<\/div>\n\t\t\t\t\t<\/div>\n\t\t\t\t<\/div>\n\t\t<div class=\"elementor-element elementor-element-90048d0 e-con-full e-flex e-con e-parent\" data-id=\"90048d0\" data-element_type=\"container\">\n\t\t\t\t<div class=\"elementor-element elementor-element-1779a3a elementor-widget elementor-widget-image\" data-id=\"1779a3a\" data-element_type=\"widget\" data-widget_type=\"image.default\">\n\t\t\t\t<div class=\"elementor-widget-container\">\n\t\t\t\t\t\t\t\t\t\t\t\t\t\t\t<img decoding=\"async\" width=\"2560\" height=\"1707\" src=\"https:\/\/acuarelamontessori.cl\/wp-content\/uploads\/2026\/03\/IMG_6028-scaled.jpg\" class=\"attachment-full size-full wp-image-2514\" alt=\"\" srcset=\"https:\/\/acuarelamontessori.cl\/wp-content\/uploads\/2026\/03\/IMG_6028-scaled.jpg 2560w, https:\/\/acuarelamontessori.cl\/wp-content\/uploads\/2026\/03\/IMG_6028-300x200.jpg 300w, https:\/\/acuarelamontessori.cl\/wp-content\/uploads\/2026\/03\/IMG_6028-1024x683.jpg 1024w, https:\/\/acuarelamontessori.cl\/wp-content\/uploads\/2026\/03\/IMG_6028-768x512.jpg 768w, https:\/\/acuarelamontessori.cl\/wp-content\/uploads\/2026\/03\/IMG_6028-1536x1024.jpg 1536w, https:\/\/acuarelamontessori.cl\/wp-content\/uploads\/2026\/03\/IMG_6028-2048x1365.jpg 2048w\" sizes=\"(max-width: 2560px) 100vw, 2560px\" \/>\t\t\t\t\t\t\t\t\t\t\t\t\t\t\t<\/div>\n\t\t\t\t<\/div>\n\t\t\t\t<\/div>\n\t\t<div class=\"elementor-element elementor-element-3b68582 e-flex e-con-boxed e-con e-parent\" data-id=\"3b68582\" data-element_type=\"container\">\n\t\t\t\t\t<div class=\"e-con-inner\">\n\t\t<div class=\"elementor-element elementor-element-f491c34 e-con-full e-flex e-con e-child\" data-id=\"f491c34\" data-element_type=\"container\">\n\t\t\t\t<div class=\"elementor-element elementor-element-ce6b1fe elementor-widget elementor-widget-heading\" data-id=\"ce6b1fe\" data-element_type=\"widget\" data-widget_type=\"heading.default\">\n\t\t\t\t<div class=\"elementor-widget-container\">\n\t\t\t\t\t<h2 class=\"elementor-heading-title elementor-size-default\">Infraestructura<\/h2>\t\t\t\t<\/div>\n\t\t\t\t<\/div>\n\t\t\t\t<\/div>\n\t\t\t\t<div class=\"elementor-element elementor-element-e287bdb elementor-widget elementor-widget-text-editor\" data-id=\"e287bdb\" data-element_type=\"widget\" data-widget_type=\"text-editor.default\">\n\t\t\t\t<div class=\"elementor-widget-container\">\n\t\t\t\t\t\t\t\t\t<p data-start=\"0\" data-end=\"203\">La infraestructura est\u00e1 concebida como una extensi\u00f3n de nuestra propuesta educativa, donde cada espacio invita al aprendizaje aut\u00f3nomo, la exploraci\u00f3n y el bienestar. Sus ambientes est\u00e1n cuidadosamente preparados bajo los principios Montessori: espacios amplios, luminosos y ordenados, con materiales accesibles que fomentan la autonom\u00eda, el trabajo en equipo y el desarrollo de habilidades. La infraestructura prioriza materiales nobles, una est\u00e9tica simple y c\u00e1lida, y una escala adecuada para la infancia. Desde la metodolog\u00eda Montessori el entorno es considerado un \u201ctercer educador\u201d en el proceso formativo.<\/p><p data-start=\"205\" data-end=\"590\">\u00a0<\/p><p data-start=\"205\" data-end=\"590\">Contamos con dos salones para Casa de Ni\u00f1os (2-5 a\u00f1os), un sal\u00f3n para Taller I (6-7 a\u00f1os), un sal\u00f3n para Taller II (8-9 a\u00f1os), un sal\u00f3n para Taller III (10-11 a\u00f1os), un sal\u00f3n para Taller IV (12-13 a\u00f1os) y un sal\u00f3n para Taller V (14-15 a\u00f1os). Adem\u00e1s de una sala de movimiento y escalada, sala de profesores, sala de reuniones, cocina y tres ba\u00f1os. \u00c1reas exteriores que cumplen un rol fundamental en el proceso educativo, con infraestructura que promueve el movimiento libre y desarrollo psicomotor, una piscina, un huerto y una estaci\u00f3n de compostaje.<\/p>\t\t\t\t\t\t\t\t<\/div>\n\t\t\t\t<\/div>\n\t\t\t\t\t<\/div>\n\t\t\t\t<\/div>\n\t\t\t\t<\/div>\n\t\t","protected":false},"excerpt":{"rendered":"<p>Nuestra Escuela Somos un espacio educativo que promueve un aprendizaje respetuoso, consciente y profundamente conectado con el desarrollo integral de cada ni\u00f1o y ni\u00f1a. Basado en la Pedagog\u00eda Montessori,\u00a0 fomentamos &hellip;<\/p>\n<p class=\"read-more\"> <a class=\"\" href=\"https:\/\/acuarelamontessori.cl\/index.php\/nuestra-escuela\/\"> <span class=\"screen-reader-text\">Nuestro colegio<\/span> Read More &raquo;<\/a><\/p>\n","protected":false},"author":1,"featured_media":0,"parent":0,"menu_order":0,"comment_status":"closed","ping_status":"closed","template":"","meta":{"_uag_custom_page_level_css":"","site-sidebar-layout":"no-sidebar","site-content-layout":"page-builder","ast-global-header-display":"","ast-main-header-display":"","ast-hfb-above-header-display":"","ast-hfb-below-header-display":"","ast-hfb-mobile-header-display":"","site-post-title":"disabled","ast-breadcrumbs-content":"","ast-featured-img":"disabled","footer-sml-layout":"","theme-transparent-header-meta":"","adv-header-id-meta":"","stick-header-meta":"","header-above-stick-meta":"","header-main-stick-meta":"","header-below-stick-meta":"","footnotes":""},"class_list":["post-1855","page","type-page","status-publish","hentry"],"uagb_featured_image_src":{"full":false,"thumbnail":false,"medium":false,"medium_large":false,"large":false,"1536x1536":false,"2048x2048":false},"uagb_author_info":{"display_name":"acuarelaadmin","author_link":"https:\/\/acuarelamontessori.cl\/index.php\/author\/acuarelaadmin\/"},"uagb_comment_info":0,"uagb_excerpt":"Nuestra Escuela Somos un espacio educativo que promueve un aprendizaje respetuoso, consciente y profundamente conectado con el desarrollo integral de cada ni\u00f1o y ni\u00f1a. Basado en la Pedagog\u00eda Montessori,\u00a0 fomentamos &hellip; Nuestro colegio Read More &raquo;","_links":{"self":[{"href":"https:\/\/acuarelamontessori.cl\/index.php\/wp-json\/wp\/v2\/pages\/1855","targetHints":{"allow":["GET"]}}],"collection":[{"href":"https:\/\/acuarelamontessori.cl\/index.php\/wp-json\/wp\/v2\/pages"}],"about":[{"href":"https:\/\/acuarelamontessori.cl\/index.php\/wp-json\/wp\/v2\/types\/page"}],"author":[{"embeddable":true,"href":"https:\/\/acuarelamontessori.cl\/index.php\/wp-json\/wp\/v2\/users\/1"}],"replies":[{"embeddable":true,"href":"https:\/\/acuarelamontessori.cl\/index.php\/wp-json\/wp\/v2\/comments?post=1855"}],"version-history":[{"count":32,"href":"https:\/\/acuarelamontessori.cl\/index.php\/wp-json\/wp\/v2\/pages\/1855\/revisions"}],"predecessor-version":[{"id":2570,"href":"https:\/\/acuarelamontessori.cl\/index.php\/wp-json\/wp\/v2\/pages\/1855\/revisions\/2570"}],"wp:attachment":[{"href":"https:\/\/acuarelamontessori.cl\/index.php\/wp-json\/wp\/v2\/media?parent=1855"}],"curies":[{"name":"wp","href":"https:\/\/api.w.org\/{rel}","templated":true}]}}