{"id":1940,"date":"2025-06-05T14:53:21","date_gmt":"2025-06-05T18:53:21","guid":{"rendered":"https:\/\/acuarelamontessori.cl\/?page_id=1940"},"modified":"2025-06-05T15:04:32","modified_gmt":"2025-06-05T19:04:32","slug":"elementor-1940","status":"publish","type":"page","link":"https:\/\/acuarelamontessori.cl\/index.php\/elementor-1940\/","title":{"rendered":"Admisi\u00f3n"},"content":{"rendered":"\t\t<div data-elementor-type=\"wp-page\" data-elementor-id=\"1940\" class=\"elementor elementor-1940\">\n\t\t\t\t<div class=\"elementor-element elementor-element-bfa24dd e-con-full e-flex e-con e-parent\" data-id=\"bfa24dd\" data-element_type=\"container\">\n\t\t\t\t<div class=\"elementor-element elementor-element-2b4d95e elementor-widget elementor-widget-image\" data-id=\"2b4d95e\" data-element_type=\"widget\" data-widget_type=\"image.default\">\n\t\t\t\t<div class=\"elementor-widget-container\">\n\t\t\t\t\t\t\t\t\t\t\t\t\t\t\t<img fetchpriority=\"high\" decoding=\"async\" width=\"2560\" height=\"681\" src=\"https:\/\/acuarelamontessori.cl\/wp-content\/uploads\/2025\/06\/foto-banner-scaled.jpg\" class=\"attachment-full size-full wp-image-1945\" alt=\"\" srcset=\"https:\/\/acuarelamontessori.cl\/wp-content\/uploads\/2025\/06\/foto-banner-scaled.jpg 2560w, https:\/\/acuarelamontessori.cl\/wp-content\/uploads\/2025\/06\/foto-banner-300x80.jpg 300w, https:\/\/acuarelamontessori.cl\/wp-content\/uploads\/2025\/06\/foto-banner-1024x272.jpg 1024w, https:\/\/acuarelamontessori.cl\/wp-content\/uploads\/2025\/06\/foto-banner-768x204.jpg 768w, https:\/\/acuarelamontessori.cl\/wp-content\/uploads\/2025\/06\/foto-banner-1536x408.jpg 1536w, https:\/\/acuarelamontessori.cl\/wp-content\/uploads\/2025\/06\/foto-banner-2048x544.jpg 2048w\" sizes=\"(max-width: 2560px) 100vw, 2560px\" \/>\t\t\t\t\t\t\t\t\t\t\t\t\t\t\t<\/div>\n\t\t\t\t<\/div>\n\t\t\t\t<\/div>\n\t\t<div class=\"elementor-element elementor-element-94817b3 e-flex e-con-boxed e-con e-parent\" data-id=\"94817b3\" data-element_type=\"container\">\n\t\t\t\t\t<div class=\"e-con-inner\">\n\t\t\t\t<div class=\"elementor-element elementor-element-8e64c7c elementor-widget elementor-widget-spacer\" data-id=\"8e64c7c\" data-element_type=\"widget\" data-widget_type=\"spacer.default\">\n\t\t\t\t<div class=\"elementor-widget-container\">\n\t\t\t\t\t\t\t<div class=\"elementor-spacer\">\n\t\t\t<div class=\"elementor-spacer-inner\"><\/div>\n\t\t<\/div>\n\t\t\t\t\t\t<\/div>\n\t\t\t\t<\/div>\n\t\t\t\t\t<\/div>\n\t\t\t\t<\/div>\n\t\t<div class=\"elementor-element elementor-element-57a9f28 e-flex e-con-boxed e-con e-parent\" data-id=\"57a9f28\" data-element_type=\"container\">\n\t\t\t\t\t<div class=\"e-con-inner\">\n\t\t\t\t<div class=\"elementor-element elementor-element-85c03a9 elementor-widget elementor-widget-text-editor\" data-id=\"85c03a9\" data-element_type=\"widget\" data-widget_type=\"text-editor.default\">\n\t\t\t\t<div class=\"elementor-widget-container\">\n\t\t\t\t\t\t\t\t\t<h2>Proceso de Admisi\u00f3n 2026<\/h2>\n<p><\/p>\n<h3>\u00bfTe interesa nuestro proyecto?<\/h3>\n<p>1. Comun\u00edcate con nosotros:<\/p>\n<p>Email: acuarelamontessori@gmail.com<\/p>\n<p>Tel\u00e9fono: +569 82895630<\/p>\n<p>O a trav\u00e9s del Formulario de Contacto.<\/p>\n<p><br><\/p>\n<p>2. Agenda una visita y conoce nuestro colegio.<\/p>\n<p><br><\/p>\n<p>3. Tu hij@ debe asistir a una jornada de observaci\u00f3n.<\/p>\n<p><br><\/p>\n<p>4. Entrevista online con la familia.<\/p>\n<p><br><\/p>\n<p>5. Realizar pago de matricula y cuota de incorporaci\u00f3n.<\/p>\t\t\t\t\t\t\t\t<\/div>\n\t\t\t\t<\/div>\n\t\t\t\t\t<\/div>\n\t\t\t\t<\/div>\n\t\t<div class=\"elementor-element elementor-element-71f2f90 e-flex e-con-boxed e-con e-parent\" data-id=\"71f2f90\" data-element_type=\"container\">\n\t\t\t\t\t<div class=\"e-con-inner\">\n\t\t\t\t<div class=\"elementor-element elementor-element-79b029c elementor-widget elementor-widget-wpforms\" data-id=\"79b029c\" data-element_type=\"widget\" data-widget_type=\"wpforms.default\">\n\t\t\t\t<div class=\"elementor-widget-container\">\n\t\t\t\t\t<div class=\"wpforms-container \" id=\"wpforms-8\"><form id=\"wpforms-form-8\" class=\"wpforms-validate wpforms-form\" data-formid=\"8\" method=\"post\" enctype=\"multipart\/form-data\" action=\"\/index.php\/wp-json\/wp\/v2\/pages\/1940\" data-token=\"7efec74cdb001540001839157f450d3b\" data-token-time=\"1776376350\"><noscript class=\"wpforms-error-noscript\">Por favor, activa JavaScript en tu navegador para completar este formulario.<\/noscript><div class=\"wpforms-field-container\"><div id=\"wpforms-8-field_0-container\" class=\"wpforms-field wpforms-field-name\" data-field-id=\"0\"><label class=\"wpforms-field-label wpforms-label-hide\" for=\"wpforms-8-field_0\">Nombre <span class=\"wpforms-required-label\">*<\/span><\/label><input type=\"text\" id=\"wpforms-8-field_0\" class=\"wpforms-field-large wpforms-field-required\" name=\"wpforms[fields][0]\" placeholder=\"Nombre Completo\" required><\/div><div id=\"wpforms-8-field_1-container\" class=\"wpforms-field wpforms-field-email\" data-field-id=\"1\"><label class=\"wpforms-field-label wpforms-label-hide\" for=\"wpforms-8-field_1\">Email <span class=\"wpforms-required-label\">*<\/span><\/label><input type=\"email\" id=\"wpforms-8-field_1\" class=\"wpforms-field-large wpforms-field-required\" name=\"wpforms[fields][1]\" placeholder=\"Correo\" spellcheck=\"false\" required><\/div><div id=\"wpforms-8-field_2-container\" class=\"wpforms-field wpforms-field-textarea\" data-field-id=\"2\"><label class=\"wpforms-field-label wpforms-label-hide\" for=\"wpforms-8-field_2\">Mensaje <span class=\"wpforms-required-label\">*<\/span><\/label><textarea id=\"wpforms-8-field_2\" class=\"wpforms-field-medium wpforms-field-required\" name=\"wpforms[fields][2]\" required><\/textarea><\/div><\/div><!-- .wpforms-field-container --><div class=\"wpforms-submit-container\" ><input type=\"hidden\" name=\"wpforms[id]\" value=\"8\"><input type=\"hidden\" name=\"page_title\" value=\"\"><input type=\"hidden\" name=\"page_url\" value=\"https:\/\/acuarelamontessori.cl\/index.php\/wp-json\/wp\/v2\/pages\/1940\"><input type=\"hidden\" name=\"url_referer\" value=\"\"><button type=\"submit\" name=\"wpforms[submit]\" id=\"wpforms-submit-8\" class=\"wpforms-submit\" data-alt-text=\"Enviando...\" data-submit-text=\"Enviar\" aria-live=\"assertive\" value=\"wpforms-submit\">Enviar<\/button><\/div><\/form><\/div>  <!-- .wpforms-container -->\t\t\t\t<\/div>\n\t\t\t\t<\/div>\n\t\t\t\t\t<\/div>\n\t\t\t\t<\/div>\n\t\t<div class=\"elementor-element elementor-element-e5a1462 e-flex e-con-boxed e-con e-parent\" data-id=\"e5a1462\" data-element_type=\"container\">\n\t\t\t\t\t<div class=\"e-con-inner\">\n\t\t\t\t<div class=\"elementor-element elementor-element-03aa7bc elementor-widget elementor-widget-spacer\" data-id=\"03aa7bc\" data-element_type=\"widget\" data-widget_type=\"spacer.default\">\n\t\t\t\t<div class=\"elementor-widget-container\">\n\t\t\t\t\t\t\t<div class=\"elementor-spacer\">\n\t\t\t<div class=\"elementor-spacer-inner\"><\/div>\n\t\t<\/div>\n\t\t\t\t\t\t<\/div>\n\t\t\t\t<\/div>\n\t\t\t\t\t<\/div>\n\t\t\t\t<\/div>\n\t\t\t\t<\/div>\n\t\t","protected":false},"excerpt":{"rendered":"<p>Proceso de Admisi\u00f3n 2026 \u00bfTe interesa nuestro proyecto? 1. Comun\u00edcate con nosotros: Email: acuarelamontessori@gmail.com Tel\u00e9fono: +569 82895630 O a trav\u00e9s del Formulario de Contacto. 2. Agenda una visita y conoce &hellip;<\/p>\n<p class=\"read-more\"> <a class=\"\" href=\"https:\/\/acuarelamontessori.cl\/index.php\/elementor-1940\/\"> <span class=\"screen-reader-text\">Admisi\u00f3n<\/span> Read More &raquo;<\/a><\/p>\n","protected":false},"author":1,"featured_media":0,"parent":0,"menu_order":0,"comment_status":"closed","ping_status":"closed","template":"","meta":{"_uag_custom_page_level_css":"","site-sidebar-layout":"no-sidebar","site-content-layout":"page-builder","ast-global-header-display":"","ast-main-header-display":"","ast-hfb-above-header-display":"","ast-hfb-below-header-display":"","ast-hfb-mobile-header-display":"","site-post-title":"disabled","ast-breadcrumbs-content":"","ast-featured-img":"disabled","footer-sml-layout":"","theme-transparent-header-meta":"","adv-header-id-meta":"","stick-header-meta":"","header-above-stick-meta":"","header-main-stick-meta":"","header-below-stick-meta":"","footnotes":""},"class_list":["post-1940","page","type-page","status-publish","hentry"],"uagb_featured_image_src":{"full":false,"thumbnail":false,"medium":false,"medium_large":false,"large":false,"1536x1536":false,"2048x2048":false},"uagb_author_info":{"display_name":"acuarelaadmin","author_link":"https:\/\/acuarelamontessori.cl\/index.php\/author\/acuarelaadmin\/"},"uagb_comment_info":0,"uagb_excerpt":"Proceso de Admisi\u00f3n 2026 \u00bfTe interesa nuestro proyecto? 1. Comun\u00edcate con nosotros: Email: acuarelamontessori@gmail.com Tel\u00e9fono: +569 82895630 O a trav\u00e9s del Formulario de Contacto. 2. Agenda una visita y conoce &hellip; Admisi\u00f3n Read More &raquo;","_links":{"self":[{"href":"https:\/\/acuarelamontessori.cl\/index.php\/wp-json\/wp\/v2\/pages\/1940","targetHints":{"allow":["GET"]}}],"collection":[{"href":"https:\/\/acuarelamontessori.cl\/index.php\/wp-json\/wp\/v2\/pages"}],"about":[{"href":"https:\/\/acuarelamontessori.cl\/index.php\/wp-json\/wp\/v2\/types\/page"}],"author":[{"embeddable":true,"href":"https:\/\/acuarelamontessori.cl\/index.php\/wp-json\/wp\/v2\/users\/1"}],"replies":[{"embeddable":true,"href":"https:\/\/acuarelamontessori.cl\/index.php\/wp-json\/wp\/v2\/comments?post=1940"}],"version-history":[{"count":14,"href":"https:\/\/acuarelamontessori.cl\/index.php\/wp-json\/wp\/v2\/pages\/1940\/revisions"}],"predecessor-version":[{"id":1960,"href":"https:\/\/acuarelamontessori.cl\/index.php\/wp-json\/wp\/v2\/pages\/1940\/revisions\/1960"}],"wp:attachment":[{"href":"https:\/\/acuarelamontessori.cl\/index.php\/wp-json\/wp\/v2\/media?parent=1940"}],"curies":[{"name":"wp","href":"https:\/\/api.w.org\/{rel}","templated":true}]}}