{"id":1968,"date":"2025-06-06T11:45:34","date_gmt":"2025-06-06T15:45:34","guid":{"rendered":"https:\/\/acuarelamontessori.cl\/?page_id=1968"},"modified":"2025-07-29T14:11:00","modified_gmt":"2025-07-29T18:11:00","slug":"proyecto-educativo","status":"publish","type":"page","link":"https:\/\/acuarelamontessori.cl\/index.php\/proyecto-educativo\/","title":{"rendered":"M\u00e9todo Montessori"},"content":{"rendered":"\t\t<div data-elementor-type=\"wp-page\" data-elementor-id=\"1968\" class=\"elementor elementor-1968\">\n\t\t\t\t<div class=\"elementor-element elementor-element-3d16c4d e-con-full e-flex e-con e-parent\" data-id=\"3d16c4d\" data-element_type=\"container\">\n\t\t\t\t<div class=\"elementor-element elementor-element-a117946 elementor-widget__width-inherit elementor-widget elementor-widget-image\" data-id=\"a117946\" data-element_type=\"widget\" data-widget_type=\"image.default\">\n\t\t\t\t<div class=\"elementor-widget-container\">\n\t\t\t\t\t\t\t\t\t\t\t\t\t\t\t<img fetchpriority=\"high\" decoding=\"async\" width=\"1024\" height=\"683\" src=\"https:\/\/acuarelamontessori.cl\/wp-content\/uploads\/2025\/06\/IMG_4473-1024x683.jpg\" class=\"attachment-large size-large wp-image-2052\" alt=\"\" srcset=\"https:\/\/acuarelamontessori.cl\/wp-content\/uploads\/2025\/06\/IMG_4473-1024x683.jpg 1024w, https:\/\/acuarelamontessori.cl\/wp-content\/uploads\/2025\/06\/IMG_4473-300x200.jpg 300w, https:\/\/acuarelamontessori.cl\/wp-content\/uploads\/2025\/06\/IMG_4473-768x512.jpg 768w, https:\/\/acuarelamontessori.cl\/wp-content\/uploads\/2025\/06\/IMG_4473-1536x1024.jpg 1536w, https:\/\/acuarelamontessori.cl\/wp-content\/uploads\/2025\/06\/IMG_4473-2048x1365.jpg 2048w\" sizes=\"(max-width: 1024px) 100vw, 1024px\" \/>\t\t\t\t\t\t\t\t\t\t\t\t\t\t\t<\/div>\n\t\t\t\t<\/div>\n\t\t\t\t<\/div>\n\t\t<div class=\"elementor-element elementor-element-4c98ece e-flex e-con-boxed e-con e-parent\" data-id=\"4c98ece\" data-element_type=\"container\">\n\t\t\t\t\t<div class=\"e-con-inner\">\n\t\t\t\t<div class=\"elementor-element elementor-element-b02e2f2 elementor-widget elementor-widget-spacer\" data-id=\"b02e2f2\" data-element_type=\"widget\" data-widget_type=\"spacer.default\">\n\t\t\t\t<div class=\"elementor-widget-container\">\n\t\t\t\t\t\t\t<div class=\"elementor-spacer\">\n\t\t\t<div class=\"elementor-spacer-inner\"><\/div>\n\t\t<\/div>\n\t\t\t\t\t\t<\/div>\n\t\t\t\t<\/div>\n\t\t\t\t\t<\/div>\n\t\t\t\t<\/div>\n\t\t<div class=\"elementor-element elementor-element-7b6e530 e-flex e-con-boxed e-con e-parent\" data-id=\"7b6e530\" data-element_type=\"container\">\n\t\t\t\t\t<div class=\"e-con-inner\">\n\t\t\t\t<div class=\"elementor-element elementor-element-3f59016 elementor-widget elementor-widget-heading\" data-id=\"3f59016\" data-element_type=\"widget\" data-widget_type=\"heading.default\">\n\t\t\t\t<div class=\"elementor-widget-container\">\n\t\t\t\t\t<h2 class=\"elementor-heading-title elementor-size-default\">M\u00e9todo Montessori<\/h2>\t\t\t\t<\/div>\n\t\t\t\t<\/div>\n\t\t\t\t\t<\/div>\n\t\t\t\t<\/div>\n\t\t<div class=\"elementor-element elementor-element-5aa1374 e-flex e-con-boxed e-con e-parent\" data-id=\"5aa1374\" data-element_type=\"container\">\n\t\t\t\t\t<div class=\"e-con-inner\">\n\t\t\t\t<div class=\"elementor-element elementor-element-27f4d6d elementor-widget elementor-widget-text-editor\" data-id=\"27f4d6d\" data-element_type=\"widget\" data-widget_type=\"text-editor.default\">\n\t\t\t\t<div class=\"elementor-widget-container\">\n\t\t\t\t\t\t\t\t\t<p><span style=\"color: rgb(85, 85, 85); font-family: &quot;Avenir Next FAMM&quot;, sans-serif; text-align: justify; background-color: var(--ast-global-color-5);\">El m\u00e9todo Montessori es un enfoque educativo creado por Mar\u00eda Montessori que se centra en el desarrollo integral del ni\u00f1o\/a, promoviendo la autonom\u00eda, el aprendizaje activo y la exploraci\u00f3n del entorno. S<\/span><span style=\"color: rgb(85, 85, 85); font-family: &quot;Avenir Next FAMM&quot;, sans-serif; text-align: justify; background-color: var(--ast-global-color-5);\">e caracteriza por proveer un&nbsp;<\/span><strong style=\"color: rgb(85, 85, 85); font-family: &quot;Avenir Next FAMM&quot;, sans-serif; text-align: justify;\">ambiente preparado<\/strong><span style=\"color: rgb(85, 85, 85); font-family: &quot;Avenir Next FAMM&quot;, sans-serif; text-align: justify; background-color: var(--ast-global-color-5);\">: ordenado, est\u00e9tico, simple, real, donde cada elemento tiene su raz\u00f3n de ser en el desarrollo de los ni\u00f1os y ni\u00f1as. El aula Montessori integra edades agrupadas en per\u00edodos de 3 a\u00f1os, lo que promueve naturalmente la socializaci\u00f3n, el respeto y la solidaridad.<\/span><\/p>\n<p style=\"font-style: normal; margin-bottom: 1em; line-height: 1.5em; text-align: justify; color: #555555; font-family: 'Avenir Next FAMM', sans-serif; font-size: 17px;\">El ambiente preparado ofrece al&nbsp;<strong>ni\u00f1o\/a<\/strong>&nbsp;oportunidades para comprometerse en un trabajo interesante, elegido libremente, que propicia prolongados per\u00edodos de concentraci\u00f3n que no deben ser interrumpidos. La libertad se desarrolla dentro de l\u00edmites claros que permite a los ni\u00f1os convivir en la peque\u00f1a sociedad del aula.<\/p>\n<p style=\"font-style: normal; margin-bottom: 1em; line-height: 1.5em; text-align: justify; color: #555555; font-family: 'Avenir Next FAMM', sans-serif; font-size: 17px;\">Los ni\u00f1os y ni\u00f1as trabajan con&nbsp;<strong>materiales concretos<\/strong>&nbsp;cient\u00edficamente dise\u00f1ados, que brindan las llaves para explorar el mundo y para desarrollar habilidades cognitivas b\u00e1sicas. Los materiales est\u00e1n dise\u00f1ados para que puedan reconocer el error por s\u00ed mismos y hacerse responsables del propio aprendizaje.<\/p>\n<p style=\"font-style: normal; margin-bottom: 1em; line-height: 1.5em; text-align: justify; color: #555555; font-family: 'Avenir Next FAMM', sans-serif; font-size: 17px;\">El&nbsp;<strong>adulto<\/strong>&nbsp;es un observador y un gu\u00eda; ayuda y estimula al ni\u00f1o\/a en todos sus esfuerzos. Le permite actuar, querer y pensar por s\u00ed mismo, ayud\u00e1ndolo a desarrollar confianza y disciplina interior.<\/p>\n<p><\/p>\n<p style=\"font-style: normal; margin-bottom: 1em; line-height: 1.5em; text-align: justify; color: #555555; font-family: 'Avenir Next FAMM', sans-serif; font-size: 17px;\">La educaci\u00f3n Montessori cubre todos los per\u00edodos educativos desde el nacimiento hasta los 18 a\u00f1os brindando un&nbsp;<strong>curr\u00edculo integrado.<\/strong><\/p>\n<p style=\"margin-bottom: 1em; line-height: 1.5em; text-align: justify; color: rgb(85, 85, 85); font-family: &quot;Avenir Next FAMM&quot;, sans-serif; font-size: 17px;\"><b><i><br><\/i><\/b><\/p>\n<p style=\"margin-bottom: 1em; line-height: 1.5em; text-align: justify; color: rgb(85, 85, 85); font-family: &quot;Avenir Next FAMM&quot;, sans-serif; font-size: 17px;\"><i>Fuente<b> <\/b>y<b> <\/b>m\u00e1s<b> <\/b>info<b> <\/b>en:&nbsp;<\/i><a href=\"https:\/\/www.fundacionmontessori.org\/sobre-montessori\/el-metodo\/\" target=\"_blank\" style=\"font-family: Karla, sans-serif; font-size: 1rem;\"><i>fundacionmontessori.org<\/i><\/a><\/p>\t\t\t\t\t\t\t\t<\/div>\n\t\t\t\t<\/div>\n\t\t\t\t\t<\/div>\n\t\t\t\t<\/div>\n\t\t<div class=\"elementor-element elementor-element-781cea2 e-flex e-con-boxed e-con e-parent\" data-id=\"781cea2\" data-element_type=\"container\">\n\t\t\t\t\t<div class=\"e-con-inner\">\n\t\t\t\t<div class=\"elementor-element elementor-element-8613282 elementor-widget elementor-widget-spacer\" data-id=\"8613282\" data-element_type=\"widget\" data-widget_type=\"spacer.default\">\n\t\t\t\t<div class=\"elementor-widget-container\">\n\t\t\t\t\t\t\t<div class=\"elementor-spacer\">\n\t\t\t<div class=\"elementor-spacer-inner\"><\/div>\n\t\t<\/div>\n\t\t\t\t\t\t<\/div>\n\t\t\t\t<\/div>\n\t\t\t\t\t<\/div>\n\t\t\t\t<\/div>\n\t\t\t\t<\/div>\n\t\t","protected":false},"excerpt":{"rendered":"<p>M\u00e9todo Montessori El m\u00e9todo Montessori es un enfoque educativo creado por Mar\u00eda Montessori que se centra en el desarrollo integral del ni\u00f1o\/a, promoviendo la autonom\u00eda, el aprendizaje activo y la &hellip;<\/p>\n<p class=\"read-more\"> <a class=\"\" href=\"https:\/\/acuarelamontessori.cl\/index.php\/proyecto-educativo\/\"> <span class=\"screen-reader-text\">M\u00e9todo Montessori<\/span> Read More &raquo;<\/a><\/p>\n","protected":false},"author":1,"featured_media":0,"parent":0,"menu_order":0,"comment_status":"closed","ping_status":"closed","template":"","meta":{"_uag_custom_page_level_css":"","site-sidebar-layout":"no-sidebar","site-content-layout":"page-builder","ast-global-header-display":"","ast-main-header-display":"","ast-hfb-above-header-display":"","ast-hfb-below-header-display":"","ast-hfb-mobile-header-display":"","site-post-title":"disabled","ast-breadcrumbs-content":"","ast-featured-img":"disabled","footer-sml-layout":"","theme-transparent-header-meta":"","adv-header-id-meta":"","stick-header-meta":"","header-above-stick-meta":"","header-main-stick-meta":"","header-below-stick-meta":"","footnotes":""},"class_list":["post-1968","page","type-page","status-publish","hentry"],"uagb_featured_image_src":{"full":false,"thumbnail":false,"medium":false,"medium_large":false,"large":false,"1536x1536":false,"2048x2048":false},"uagb_author_info":{"display_name":"acuarelaadmin","author_link":"https:\/\/acuarelamontessori.cl\/index.php\/author\/acuarelaadmin\/"},"uagb_comment_info":0,"uagb_excerpt":"M\u00e9todo Montessori El m\u00e9todo Montessori es un enfoque educativo creado por Mar\u00eda Montessori que se centra en el desarrollo integral del ni\u00f1o\/a, promoviendo la autonom\u00eda, el aprendizaje activo y la &hellip; M\u00e9todo Montessori Read More &raquo;","_links":{"self":[{"href":"https:\/\/acuarelamontessori.cl\/index.php\/wp-json\/wp\/v2\/pages\/1968","targetHints":{"allow":["GET"]}}],"collection":[{"href":"https:\/\/acuarelamontessori.cl\/index.php\/wp-json\/wp\/v2\/pages"}],"about":[{"href":"https:\/\/acuarelamontessori.cl\/index.php\/wp-json\/wp\/v2\/types\/page"}],"author":[{"embeddable":true,"href":"https:\/\/acuarelamontessori.cl\/index.php\/wp-json\/wp\/v2\/users\/1"}],"replies":[{"embeddable":true,"href":"https:\/\/acuarelamontessori.cl\/index.php\/wp-json\/wp\/v2\/comments?post=1968"}],"version-history":[{"count":26,"href":"https:\/\/acuarelamontessori.cl\/index.php\/wp-json\/wp\/v2\/pages\/1968\/revisions"}],"predecessor-version":[{"id":2346,"href":"https:\/\/acuarelamontessori.cl\/index.php\/wp-json\/wp\/v2\/pages\/1968\/revisions\/2346"}],"wp:attachment":[{"href":"https:\/\/acuarelamontessori.cl\/index.php\/wp-json\/wp\/v2\/media?parent=1968"}],"curies":[{"name":"wp","href":"https:\/\/api.w.org\/{rel}","templated":true}]}}