{"id":1992,"date":"2025-06-06T11:59:26","date_gmt":"2025-06-06T15:59:26","guid":{"rendered":"https:\/\/acuarelamontessori.cl\/?page_id=1992"},"modified":"2026-03-21T12:14:18","modified_gmt":"2026-03-21T15:14:18","slug":"noticias","status":"publish","type":"page","link":"https:\/\/acuarelamontessori.cl\/index.php\/noticias\/","title":{"rendered":"Noticias"},"content":{"rendered":"\t\t<div data-elementor-type=\"wp-page\" data-elementor-id=\"1992\" class=\"elementor elementor-1992\">\n\t\t\t\t<div class=\"elementor-element elementor-element-ed325ee e-flex e-con-boxed e-con e-parent\" data-id=\"ed325ee\" data-element_type=\"container\">\n\t\t\t\t\t<div class=\"e-con-inner\">\n\t\t\t\t<div class=\"elementor-element elementor-element-bf0a3af elementor-widget elementor-widget-spacer\" data-id=\"bf0a3af\" data-element_type=\"widget\" data-widget_type=\"spacer.default\">\n\t\t\t\t<div class=\"elementor-widget-container\">\n\t\t\t\t\t\t\t<div class=\"elementor-spacer\">\n\t\t\t<div class=\"elementor-spacer-inner\"><\/div>\n\t\t<\/div>\n\t\t\t\t\t\t<\/div>\n\t\t\t\t<\/div>\n\t\t\t\t\t<\/div>\n\t\t\t\t<\/div>\n\t\t<div class=\"elementor-element elementor-element-97dbfda e-flex e-con-boxed e-con e-parent\" data-id=\"97dbfda\" data-element_type=\"container\">\n\t\t\t\t\t<div class=\"e-con-inner\">\n\t\t<div class=\"elementor-element elementor-element-d1e2f43 e-con-full e-flex e-con e-child\" data-id=\"d1e2f43\" data-element_type=\"container\">\n\t\t\t\t<div class=\"elementor-element elementor-element-53ca67b elementor-widget elementor-widget-image\" data-id=\"53ca67b\" data-element_type=\"widget\" data-widget_type=\"image.default\">\n\t\t\t\t<div class=\"elementor-widget-container\">\n\t\t\t\t\t\t\t\t\t\t\t\t\t\t\t<img fetchpriority=\"high\" decoding=\"async\" width=\"819\" height=\"1024\" src=\"https:\/\/acuarelamontessori.cl\/wp-content\/uploads\/2026\/03\/14-819x1024.png\" class=\"attachment-large size-large wp-image-2601\" alt=\"\" srcset=\"https:\/\/acuarelamontessori.cl\/wp-content\/uploads\/2026\/03\/14-819x1024.png 819w, https:\/\/acuarelamontessori.cl\/wp-content\/uploads\/2026\/03\/14-240x300.png 240w, https:\/\/acuarelamontessori.cl\/wp-content\/uploads\/2026\/03\/14-768x960.png 768w, https:\/\/acuarelamontessori.cl\/wp-content\/uploads\/2026\/03\/14.png 1080w\" sizes=\"(max-width: 819px) 100vw, 819px\" \/>\t\t\t\t\t\t\t\t\t\t\t\t\t\t\t<\/div>\n\t\t\t\t<\/div>\n\t\t\t\t<\/div>\n\t\t<div class=\"elementor-element elementor-element-47751a0 e-con-full e-flex e-con e-child\" data-id=\"47751a0\" data-element_type=\"container\">\n\t\t\t\t<div class=\"elementor-element elementor-element-b3597b2 elementor-widget elementor-widget-heading\" data-id=\"b3597b2\" data-element_type=\"widget\" data-widget_type=\"heading.default\">\n\t\t\t\t<div class=\"elementor-widget-container\">\n\t\t\t\t\t<h2 class=\"elementor-heading-title elementor-size-default\">Talleres Extraprogram\u00e1ticos 2026<\/h2>\t\t\t\t<\/div>\n\t\t\t\t<\/div>\n\t\t\t\t<div class=\"elementor-element elementor-element-10e9f5a elementor-widget elementor-widget-text-editor\" data-id=\"10e9f5a\" data-element_type=\"widget\" data-widget_type=\"text-editor.default\">\n\t\t\t\t<div class=\"elementor-widget-container\">\n\t\t\t\t\t\t\t\t\t<p>En abril comenzamos con los talleres extraprogram\u00e1ticos en Acuarela Montessori, abiertos a toda la comunidad de Puc\u00f3n. Cupos m\u00e1ximos por taller: 12 ni\u00f1os\/as. Las inscripciones se realizan directamente con cada tallerista a los n\u00fameros de tel\u00e9fono correspondiente.<\/p><p>Este a\u00f1o tenemos una gran variedad de talleres, desde manualidades y arte, hasta deportes, psicomotricidad, cer\u00e1mica, juegos de mesa, artes marciales, cocina, entre otros.<\/p><p>\u00a0<\/p><p>\u00a0<\/p><p><a style=\"background-color: #ffffff; font-size: 1rem;\" href=\"https:\/\/acuarelamontessori.cl\/index.php\/talleres\/\" target=\"_blank\" rel=\"noopener\"><b>Ac\u00e1<\/b><\/a>\u00a0puedes encontrar la informaci\u00f3n de cada uno de los talleres.<\/p>\t\t\t\t\t\t\t\t<\/div>\n\t\t\t\t<\/div>\n\t\t\t\t<\/div>\n\t\t\t\t\t<\/div>\n\t\t\t\t<\/div>\n\t\t<div class=\"elementor-element elementor-element-a1d5562 e-flex e-con-boxed e-con e-parent\" data-id=\"a1d5562\" data-element_type=\"container\">\n\t\t\t\t\t<div class=\"e-con-inner\">\n\t\t\t\t<div class=\"elementor-element elementor-element-d5f883b elementor-widget elementor-widget-spacer\" data-id=\"d5f883b\" data-element_type=\"widget\" data-widget_type=\"spacer.default\">\n\t\t\t\t<div class=\"elementor-widget-container\">\n\t\t\t\t\t\t\t<div class=\"elementor-spacer\">\n\t\t\t<div class=\"elementor-spacer-inner\"><\/div>\n\t\t<\/div>\n\t\t\t\t\t\t<\/div>\n\t\t\t\t<\/div>\n\t\t\t\t\t<\/div>\n\t\t\t\t<\/div>\n\t\t<div class=\"elementor-element elementor-element-8ed7741 e-flex e-con-boxed e-con e-parent\" data-id=\"8ed7741\" data-element_type=\"container\">\n\t\t\t\t\t<div class=\"e-con-inner\">\n\t\t<div class=\"elementor-element elementor-element-d1b5a59 e-con-full e-flex e-con e-child\" data-id=\"d1b5a59\" data-element_type=\"container\">\n\t\t\t\t<div class=\"elementor-element elementor-element-3e61960 elementor-widget elementor-widget-image\" data-id=\"3e61960\" data-element_type=\"widget\" data-widget_type=\"image.default\">\n\t\t\t\t<div class=\"elementor-widget-container\">\n\t\t\t\t\t\t\t\t\t\t\t\t\t\t\t<img decoding=\"async\" width=\"819\" height=\"1024\" src=\"https:\/\/acuarelamontessori.cl\/wp-content\/uploads\/2026\/01\/ACUARELA-MONTESSORI-1-819x1024.png\" class=\"attachment-large size-large wp-image-2450\" alt=\"\" srcset=\"https:\/\/acuarelamontessori.cl\/wp-content\/uploads\/2026\/01\/ACUARELA-MONTESSORI-1-819x1024.png 819w, https:\/\/acuarelamontessori.cl\/wp-content\/uploads\/2026\/01\/ACUARELA-MONTESSORI-1-240x300.png 240w, https:\/\/acuarelamontessori.cl\/wp-content\/uploads\/2026\/01\/ACUARELA-MONTESSORI-1-768x960.png 768w, https:\/\/acuarelamontessori.cl\/wp-content\/uploads\/2026\/01\/ACUARELA-MONTESSORI-1.png 1080w\" sizes=\"(max-width: 819px) 100vw, 819px\" \/>\t\t\t\t\t\t\t\t\t\t\t\t\t\t\t<\/div>\n\t\t\t\t<\/div>\n\t\t\t\t<\/div>\n\t\t<div class=\"elementor-element elementor-element-a903949 e-con-full e-flex e-con e-child\" data-id=\"a903949\" data-element_type=\"container\">\n\t\t\t\t<div class=\"elementor-element elementor-element-a3edd97 elementor-widget elementor-widget-heading\" data-id=\"a3edd97\" data-element_type=\"widget\" data-widget_type=\"heading.default\">\n\t\t\t\t<div class=\"elementor-widget-container\">\n\t\t\t\t\t<h2 class=\"elementor-heading-title elementor-size-default\">Convenio permanente<\/h2>\t\t\t\t<\/div>\n\t\t\t\t<\/div>\n\t\t\t\t<div class=\"elementor-element elementor-element-6caf259 elementor-widget elementor-widget-text-editor\" data-id=\"6caf259\" data-element_type=\"widget\" data-widget_type=\"text-editor.default\">\n\t\t\t\t<div class=\"elementor-widget-container\">\n\t\t\t\t\t\t\t\t\t<p>Al igual que los a\u00f1os anteriores seguimos con el convenio con <b>Librer\u00eda Bari<\/b>&nbsp;de un <b>15% de descuento<\/b> en materiales para toda la comunidad Acuarela, solo dando el rut del estudiante al momento de hacer la compra.<\/p>\n<p><br><\/p>\n<p>Seguimos colaborando entre comunidades y emprendimientos de Puc\u00f3n.<\/p>\n<p><br><\/p>\n<p>\u00a1Los invitamos a aprovechar este beneficio!&nbsp;<\/p>\n<p><\/p>\t\t\t\t\t\t\t\t<\/div>\n\t\t\t\t<\/div>\n\t\t\t\t<\/div>\n\t\t\t\t\t<\/div>\n\t\t\t\t<\/div>\n\t\t<div class=\"elementor-element elementor-element-cc9c93a e-flex e-con-boxed e-con e-parent\" data-id=\"cc9c93a\" data-element_type=\"container\">\n\t\t\t\t\t<div class=\"e-con-inner\">\n\t\t\t\t<div class=\"elementor-element elementor-element-350e750 elementor-widget elementor-widget-spacer\" data-id=\"350e750\" data-element_type=\"widget\" data-widget_type=\"spacer.default\">\n\t\t\t\t<div class=\"elementor-widget-container\">\n\t\t\t\t\t\t\t<div class=\"elementor-spacer\">\n\t\t\t<div class=\"elementor-spacer-inner\"><\/div>\n\t\t<\/div>\n\t\t\t\t\t\t<\/div>\n\t\t\t\t<\/div>\n\t\t\t\t\t<\/div>\n\t\t\t\t<\/div>\n\t\t<div class=\"elementor-element elementor-element-2c4b979 e-flex e-con-boxed e-con e-parent\" data-id=\"2c4b979\" data-element_type=\"container\">\n\t\t\t\t\t<div class=\"e-con-inner\">\n\t\t<div class=\"elementor-element elementor-element-a9faf26 e-con-full e-flex e-con e-child\" data-id=\"a9faf26\" data-element_type=\"container\">\n\t\t\t\t<div class=\"elementor-element elementor-element-3ed8fb7 elementor-widget elementor-widget-image\" data-id=\"3ed8fb7\" data-element_type=\"widget\" data-widget_type=\"image.default\">\n\t\t\t\t<div class=\"elementor-widget-container\">\n\t\t\t\t\t\t\t\t\t\t\t\t\t\t\t<img decoding=\"async\" width=\"819\" height=\"1024\" src=\"https:\/\/acuarelamontessori.cl\/wp-content\/uploads\/2026\/01\/12-819x1024.png\" class=\"attachment-large size-large wp-image-2471\" alt=\"\" srcset=\"https:\/\/acuarelamontessori.cl\/wp-content\/uploads\/2026\/01\/12-819x1024.png 819w, https:\/\/acuarelamontessori.cl\/wp-content\/uploads\/2026\/01\/12-240x300.png 240w, https:\/\/acuarelamontessori.cl\/wp-content\/uploads\/2026\/01\/12-768x960.png 768w, https:\/\/acuarelamontessori.cl\/wp-content\/uploads\/2026\/01\/12.png 1080w\" sizes=\"(max-width: 819px) 100vw, 819px\" \/>\t\t\t\t\t\t\t\t\t\t\t\t\t\t\t<\/div>\n\t\t\t\t<\/div>\n\t\t\t\t<\/div>\n\t\t<div class=\"elementor-element elementor-element-bdc28a5 e-con-full e-flex e-con e-child\" data-id=\"bdc28a5\" data-element_type=\"container\">\n\t\t\t\t<div class=\"elementor-element elementor-element-198b153 elementor-widget elementor-widget-heading\" data-id=\"198b153\" data-element_type=\"widget\" data-widget_type=\"heading.default\">\n\t\t\t\t<div class=\"elementor-widget-container\">\n\t\t\t\t\t<h2 class=\"elementor-heading-title elementor-size-default\">Acuarela Libre de Celulares<\/h2>\t\t\t\t<\/div>\n\t\t\t\t<\/div>\n\t\t\t\t<div class=\"elementor-element elementor-element-ac0c121 elementor-widget elementor-widget-text-editor\" data-id=\"ac0c121\" data-element_type=\"widget\" data-widget_type=\"text-editor.default\">\n\t\t\t\t<div class=\"elementor-widget-container\">\n\t\t\t\t\t\t\t\t\t<p>A partir del a\u00f1o 2026 no se permitir\u00e1 el uso de celulares en establecimientos educacionales seg\u00fan la nueva ley en Chile. Esta medida se aplica durante toda la jornada escolar, es decir: horarios de clases, recreos y horas de colaci\u00f3n\/almuerzo.<\/p><p>El canal oficial de comunicaci\u00f3n ser\u00e1 a trav\u00e9s de la aplicaci\u00f3n Cuaderno Rojo, donde podr\u00e1n contactarse directamente con las gu\u00edas de cada sal\u00f3n en caso de ser necesario.\u00a0<span style=\"font-style: inherit; font-weight: inherit;\">Adem\u00e1s contaremos con los tel\u00e9fonos de Coordinadores de cada nivel. Toda la informaci\u00f3n tambi\u00e9n ser\u00e1 comunicada a trav\u00e9s de la p\u00e1gina web.<\/span><\/p><p><span style=\"font-style: inherit; font-weight: inherit;\">Esta medida busca beneficiar el desarrollo y el aprendizaje de los estudiantes, mejorando la concentraci\u00f3n, fortaleciendo los v\u00ednculos con sus pares y favoreciendo el movimiento durante los recreos. Contamos con el apoyo de las familias, reflexionando con sus hijos\/as en casa sobre la importancia de desconectarse de las pantallas para poder conectarse con su entorno.<\/span><\/p><p>Lee el documento completo\u00a0<a href=\"https:\/\/acuarelamontessori.cl\/wp-content\/uploads\/2026\/01\/Acuarela-Libre-de-Celulares.pdf\" target=\"_blank\" rel=\"noopener\"><u>ac\u00e1<\/u><\/a>.<\/p>\t\t\t\t\t\t\t\t<\/div>\n\t\t\t\t<\/div>\n\t\t\t\t<\/div>\n\t\t\t\t\t<\/div>\n\t\t\t\t<\/div>\n\t\t<div class=\"elementor-element elementor-element-95f5c2c e-flex e-con-boxed e-con e-parent\" data-id=\"95f5c2c\" data-element_type=\"container\">\n\t\t\t\t\t<div class=\"e-con-inner\">\n\t\t\t\t<div class=\"elementor-element elementor-element-d77832b elementor-widget elementor-widget-spacer\" data-id=\"d77832b\" data-element_type=\"widget\" data-widget_type=\"spacer.default\">\n\t\t\t\t<div class=\"elementor-widget-container\">\n\t\t\t\t\t\t\t<div class=\"elementor-spacer\">\n\t\t\t<div class=\"elementor-spacer-inner\"><\/div>\n\t\t<\/div>\n\t\t\t\t\t\t<\/div>\n\t\t\t\t<\/div>\n\t\t\t\t\t<\/div>\n\t\t\t\t<\/div>\n\t\t\t\t<\/div>\n\t\t","protected":false},"excerpt":{"rendered":"<p>Talleres Extraprogram\u00e1ticos 2026 En abril comenzamos con los talleres extraprogram\u00e1ticos en Acuarela Montessori, abiertos a toda la comunidad de Puc\u00f3n. Cupos m\u00e1ximos por taller: 12 ni\u00f1os\/as. Las inscripciones se realizan &hellip;<\/p>\n<p class=\"read-more\"> <a class=\"\" href=\"https:\/\/acuarelamontessori.cl\/index.php\/noticias\/\"> <span class=\"screen-reader-text\">Noticias<\/span> Read More &raquo;<\/a><\/p>\n","protected":false},"author":1,"featured_media":0,"parent":0,"menu_order":0,"comment_status":"closed","ping_status":"closed","template":"","meta":{"_uag_custom_page_level_css":"","site-sidebar-layout":"no-sidebar","site-content-layout":"page-builder","ast-global-header-display":"","ast-main-header-display":"","ast-hfb-above-header-display":"","ast-hfb-below-header-display":"","ast-hfb-mobile-header-display":"","site-post-title":"disabled","ast-breadcrumbs-content":"","ast-featured-img":"disabled","footer-sml-layout":"","theme-transparent-header-meta":"","adv-header-id-meta":"","stick-header-meta":"","header-above-stick-meta":"","header-main-stick-meta":"","header-below-stick-meta":"","footnotes":""},"class_list":["post-1992","page","type-page","status-publish","hentry"],"uagb_featured_image_src":{"full":false,"thumbnail":false,"medium":false,"medium_large":false,"large":false,"1536x1536":false,"2048x2048":false},"uagb_author_info":{"display_name":"acuarelaadmin","author_link":"https:\/\/acuarelamontessori.cl\/index.php\/author\/acuarelaadmin\/"},"uagb_comment_info":0,"uagb_excerpt":"Talleres Extraprogram\u00e1ticos 2026 En abril comenzamos con los talleres extraprogram\u00e1ticos en Acuarela Montessori, abiertos a toda la comunidad de Puc\u00f3n. Cupos m\u00e1ximos por taller: 12 ni\u00f1os\/as. Las inscripciones se realizan &hellip; Noticias Read More &raquo;","_links":{"self":[{"href":"https:\/\/acuarelamontessori.cl\/index.php\/wp-json\/wp\/v2\/pages\/1992","targetHints":{"allow":["GET"]}}],"collection":[{"href":"https:\/\/acuarelamontessori.cl\/index.php\/wp-json\/wp\/v2\/pages"}],"about":[{"href":"https:\/\/acuarelamontessori.cl\/index.php\/wp-json\/wp\/v2\/types\/page"}],"author":[{"embeddable":true,"href":"https:\/\/acuarelamontessori.cl\/index.php\/wp-json\/wp\/v2\/users\/1"}],"replies":[{"embeddable":true,"href":"https:\/\/acuarelamontessori.cl\/index.php\/wp-json\/wp\/v2\/comments?post=1992"}],"version-history":[{"count":40,"href":"https:\/\/acuarelamontessori.cl\/index.php\/wp-json\/wp\/v2\/pages\/1992\/revisions"}],"predecessor-version":[{"id":2641,"href":"https:\/\/acuarelamontessori.cl\/index.php\/wp-json\/wp\/v2\/pages\/1992\/revisions\/2641"}],"wp:attachment":[{"href":"https:\/\/acuarelamontessori.cl\/index.php\/wp-json\/wp\/v2\/media?parent=1992"}],"curies":[{"name":"wp","href":"https:\/\/api.w.org\/{rel}","templated":true}]}}