{"id":466,"date":"2021-05-17T12:21:16","date_gmt":"2021-05-17T16:21:16","guid":{"rendered":"http:\/\/localhost\/acuarela\/index.php\/home\/"},"modified":"2025-08-15T08:54:26","modified_gmt":"2025-08-15T12:54:26","slug":"inicio","status":"publish","type":"page","link":"https:\/\/acuarelamontessori.cl\/","title":{"rendered":"Inicio"},"content":{"rendered":"\t\t<div data-elementor-type=\"wp-page\" data-elementor-id=\"466\" class=\"elementor elementor-466\">\n\t\t\t\t\t\t<section class=\"elementor-section elementor-top-section elementor-element elementor-element-2f15eec elementor-section-height-min-height elementor-section-items-bottom elementor-section-boxed elementor-section-height-default\" data-id=\"2f15eec\" data-element_type=\"section\" data-settings=\"{&quot;background_background&quot;:&quot;classic&quot;}\">\n\t\t\t\t\t\t\t<div class=\"elementor-background-overlay\"><\/div>\n\t\t\t\t\t\t\t<div class=\"elementor-container elementor-column-gap-no\">\n\t\t\t\t\t<div class=\"elementor-column elementor-col-100 elementor-top-column elementor-element elementor-element-609973d\" data-id=\"609973d\" data-element_type=\"column\">\n\t\t\t<div class=\"elementor-widget-wrap elementor-element-populated\">\n\t\t\t\t\t\t<div class=\"elementor-element elementor-element-9633795 elementor-widget-divider--view-line elementor-invisible elementor-widget elementor-widget-divider\" data-id=\"9633795\" data-element_type=\"widget\" data-settings=\"{&quot;_animation&quot;:&quot;fadeInLeft&quot;}\" data-widget_type=\"divider.default\">\n\t\t\t\t<div class=\"elementor-widget-container\">\n\t\t\t\t\t\t\t<div class=\"elementor-divider\">\n\t\t\t<span class=\"elementor-divider-separator\">\n\t\t\t\t\t\t<\/span>\n\t\t<\/div>\n\t\t\t\t\t\t<\/div>\n\t\t\t\t<\/div>\n\t\t\t\t<div class=\"elementor-element elementor-element-bc18369 elementor-invisible elementor-widget elementor-widget-heading\" data-id=\"bc18369\" data-element_type=\"widget\" data-settings=\"{&quot;_animation&quot;:&quot;fadeInLeft&quot;}\" data-widget_type=\"heading.default\">\n\t\t\t\t<div class=\"elementor-widget-container\">\n\t\t\t\t\t<h1 class=\"elementor-heading-title elementor-size-default\">Acuarela Montessori<\/h1>\t\t\t\t<\/div>\n\t\t\t\t<\/div>\n\t\t\t\t<div class=\"elementor-element elementor-element-d045a93 elementor-invisible elementor-widget elementor-widget-text-editor\" data-id=\"d045a93\" data-element_type=\"widget\" data-settings=\"{&quot;_animation&quot;:&quot;fadeInDown&quot;,&quot;_animation_delay&quot;:100}\" data-widget_type=\"text-editor.default\">\n\t\t\t\t<div class=\"elementor-widget-container\">\n\t\t\t\t\t\t\t\t\t<p>Educaci\u00f3n para la Paz y la Sustentabilidad<\/p>\t\t\t\t\t\t\t\t<\/div>\n\t\t\t\t<\/div>\n\t\t\t\t\t<\/div>\n\t\t<\/div>\n\t\t\t\t\t<\/div>\n\t\t<\/section>\n\t\t\t\t<section class=\"elementor-section elementor-top-section elementor-element elementor-element-eaab567 elementor-section-boxed elementor-section-height-default elementor-section-height-default\" data-id=\"eaab567\" data-element_type=\"section\" data-settings=\"{&quot;background_background&quot;:&quot;classic&quot;}\">\n\t\t\t\t\t\t<div class=\"elementor-container elementor-column-gap-no\">\n\t\t\t\t\t<div class=\"elementor-column elementor-col-100 elementor-top-column elementor-element elementor-element-aacee5c\" data-id=\"aacee5c\" data-element_type=\"column\">\n\t\t\t<div class=\"elementor-widget-wrap elementor-element-populated\">\n\t\t\t\t\t\t<div class=\"elementor-element elementor-element-67b433a elementor-widget__width-initial elementor-widget-mobile__width-inherit elementor-widget elementor-widget-heading\" data-id=\"67b433a\" data-element_type=\"widget\" data-widget_type=\"heading.default\">\n\t\t\t\t<div class=\"elementor-widget-container\">\n\t\t\t\t\t<h2 class=\"elementor-heading-title elementor-size-default\">Nuestra escuela<\/h2>\t\t\t\t<\/div>\n\t\t\t\t<\/div>\n\t\t\t\t<div class=\"elementor-element elementor-element-3b4b450 elementor-widget__width-initial elementor-widget-mobile__width-inherit elementor-widget-divider--view-line elementor-widget elementor-widget-divider\" data-id=\"3b4b450\" data-element_type=\"widget\" data-widget_type=\"divider.default\">\n\t\t\t\t<div class=\"elementor-widget-container\">\n\t\t\t\t\t\t\t<div class=\"elementor-divider\">\n\t\t\t<span class=\"elementor-divider-separator\">\n\t\t\t\t\t\t<\/span>\n\t\t<\/div>\n\t\t\t\t\t\t<\/div>\n\t\t\t\t<\/div>\n\t\t\t\t<div class=\"elementor-element elementor-element-06a315c elementor-widget__width-initial elementor-widget-mobile__width-inherit elementor-widget elementor-widget-text-editor\" data-id=\"06a315c\" data-element_type=\"widget\" data-widget_type=\"text-editor.default\">\n\t\t\t\t<div class=\"elementor-widget-container\">\n\t\t\t\t\t\t\t\t\t<ul><li>Filosof\u00eda Montessori.<\/li><li>Relaciones humanas horizontales.<\/li><li>Consciencia ambiental.<\/li><li>Desarrollo de habilidades blandas.<\/li><li>Visi\u00f3n c\u00f3smica.<\/li><li>Educaci\u00f3n personalizada.<\/li><li>Desarrollo del ingl\u00e9s.<\/li><\/ul>\t\t\t\t\t\t\t\t<\/div>\n\t\t\t\t<\/div>\n\t\t\t\t<div class=\"elementor-element elementor-element-b1bb640 elementor-widget__width-initial elementor-widget-mobile__width-inherit elementor-widget elementor-widget-text-editor\" data-id=\"b1bb640\" data-element_type=\"widget\" data-widget_type=\"text-editor.default\">\n\t\t\t\t<div class=\"elementor-widget-container\">\n\t\t\t\t\t\t\t\t\t<p>Trabajamos en un ambiente amoroso, en relaci\u00f3n permanente con la naturaleza, motivando la<br \/>sustentabilidad y manteniendo como uno de nuestros ejes principales el desarrollo de habilidades<br \/>blandas y el autoconocimiento para formar un individuo aut\u00f3nomo, seguro y emp\u00e1tico.<\/p>\t\t\t\t\t\t\t\t<\/div>\n\t\t\t\t<\/div>\n\t\t\t\t\t<\/div>\n\t\t<\/div>\n\t\t\t\t\t<\/div>\n\t\t<\/section>\n\t\t<div class=\"elementor-element elementor-element-92b4dd5 e-flex e-con-boxed e-con e-parent\" data-id=\"92b4dd5\" data-element_type=\"container\" data-settings=\"{&quot;background_background&quot;:&quot;classic&quot;,&quot;shape_divider_top&quot;:&quot;mountains&quot;}\">\n\t\t\t\t\t<div class=\"e-con-inner\">\n\t\t\t\t<div class=\"elementor-shape elementor-shape-top\" aria-hidden=\"true\" data-negative=\"false\">\n\t\t\t<svg xmlns=\"http:\/\/www.w3.org\/2000\/svg\" viewBox=\"0 0 1000 100\" preserveAspectRatio=\"none\">\n\t<path class=\"elementor-shape-fill\" opacity=\"0.33\" d=\"M473,67.3c-203.9,88.3-263.1-34-320.3,0C66,119.1,0,59.7,0,59.7V0h1000v59.7 c0,0-62.1,26.1-94.9,29.3c-32.8,3.3-62.8-12.3-75.8-22.1C806,49.6,745.3,8.7,694.9,4.7S492.4,59,473,67.3z\"\/>\n\t<path class=\"elementor-shape-fill\" opacity=\"0.66\" d=\"M734,67.3c-45.5,0-77.2-23.2-129.1-39.1c-28.6-8.7-150.3-10.1-254,39.1 s-91.7-34.4-149.2,0C115.7,118.3,0,39.8,0,39.8V0h1000v36.5c0,0-28.2-18.5-92.1-18.5C810.2,18.1,775.7,67.3,734,67.3z\"\/>\n\t<path class=\"elementor-shape-fill\" d=\"M766.1,28.9c-200-57.5-266,65.5-395.1,19.5C242,1.8,242,5.4,184.8,20.6C128,35.8,132.3,44.9,89.9,52.5C28.6,63.7,0,0,0,0 h1000c0,0-9.9,40.9-83.6,48.1S829.6,47,766.1,28.9z\"\/>\n<\/svg>\t\t<\/div>\n\t\t\t\t<div class=\"elementor-element elementor-element-a7fa1ac elementor-widget elementor-widget-spacer\" data-id=\"a7fa1ac\" data-element_type=\"widget\" data-widget_type=\"spacer.default\">\n\t\t\t\t<div class=\"elementor-widget-container\">\n\t\t\t\t\t\t\t<div class=\"elementor-spacer\">\n\t\t\t<div class=\"elementor-spacer-inner\"><\/div>\n\t\t<\/div>\n\t\t\t\t\t\t<\/div>\n\t\t\t\t<\/div>\n\t\t\t\t\t<\/div>\n\t\t\t\t<\/div>\n\t\t<div class=\"elementor-element elementor-element-a7d53b4 e-con-full e-flex e-con e-parent\" data-id=\"a7d53b4\" data-element_type=\"container\">\n\t\t<div class=\"elementor-element elementor-element-eb8e30d e-con-full e-flex e-con e-child\" data-id=\"eb8e30d\" data-element_type=\"container\" data-settings=\"{&quot;background_background&quot;:&quot;classic&quot;}\">\n\t\t\t\t<\/div>\n\t\t\t\t<\/div>\n\t\t<div class=\"elementor-element elementor-element-b1b75b1 e-flex e-con-boxed e-con e-parent\" data-id=\"b1b75b1\" data-element_type=\"container\">\n\t\t\t\t\t<div class=\"e-con-inner\">\n\t\t\t\t<div class=\"elementor-element elementor-element-cba3f48 elementor-widget__width-initial elementor-widget elementor-widget-image\" data-id=\"cba3f48\" data-element_type=\"widget\" data-widget_type=\"image.default\">\n\t\t\t\t<div class=\"elementor-widget-container\">\n\t\t\t\t\t\t\t\t\t\t\t\t\t\t\t<img fetchpriority=\"high\" decoding=\"async\" width=\"1024\" height=\"1024\" src=\"https:\/\/acuarelamontessori.cl\/wp-content\/uploads\/2025\/05\/Logo-Acuarela-OK-1024x1024.jpg\" class=\"attachment-large size-large wp-image-1831\" alt=\"\" srcset=\"https:\/\/acuarelamontessori.cl\/wp-content\/uploads\/2025\/05\/Logo-Acuarela-OK-1024x1024.jpg 1024w, https:\/\/acuarelamontessori.cl\/wp-content\/uploads\/2025\/05\/Logo-Acuarela-OK-300x300.jpg 300w, https:\/\/acuarelamontessori.cl\/wp-content\/uploads\/2025\/05\/Logo-Acuarela-OK-150x150.jpg 150w, https:\/\/acuarelamontessori.cl\/wp-content\/uploads\/2025\/05\/Logo-Acuarela-OK-768x768.jpg 768w, https:\/\/acuarelamontessori.cl\/wp-content\/uploads\/2025\/05\/Logo-Acuarela-OK-1536x1536.jpg 1536w, https:\/\/acuarelamontessori.cl\/wp-content\/uploads\/2025\/05\/Logo-Acuarela-OK-129x129.jpg 129w, https:\/\/acuarelamontessori.cl\/wp-content\/uploads\/2025\/05\/Logo-Acuarela-OK.jpg 1772w\" sizes=\"(max-width: 1024px) 100vw, 1024px\" \/>\t\t\t\t\t\t\t\t\t\t\t\t\t\t\t<\/div>\n\t\t\t\t<\/div>\n\t\t\t\t\t<\/div>\n\t\t\t\t<\/div>\n\t\t<div class=\"elementor-element elementor-element-2473528 e-flex e-con-boxed e-con e-parent\" data-id=\"2473528\" data-element_type=\"container\">\n\t\t\t\t\t<div class=\"e-con-inner\">\n\t\t\t\t<div class=\"elementor-element elementor-element-6e4670f elementor-widget elementor-widget-heading\" data-id=\"6e4670f\" data-element_type=\"widget\" data-widget_type=\"heading.default\">\n\t\t\t\t<div class=\"elementor-widget-container\">\n\t\t\t\t\t<h2 class=\"elementor-heading-title elementor-size-default\">Niveles<\/h2>\t\t\t\t<\/div>\n\t\t\t\t<\/div>\n\t\t\t\t\t<\/div>\n\t\t\t\t<\/div>\n\t\t<div class=\"elementor-element elementor-element-5f61280 e-flex e-con-boxed e-con e-parent\" data-id=\"5f61280\" data-element_type=\"container\">\n\t\t\t\t\t<div class=\"e-con-inner\">\n\t\t<div class=\"elementor-element elementor-element-302fa8f e-con-full e-flex e-con e-child\" data-id=\"302fa8f\" data-element_type=\"container\">\n\t\t\t\t<div class=\"elementor-element elementor-element-e93af05 elementor-widget elementor-widget-image\" data-id=\"e93af05\" data-element_type=\"widget\" data-widget_type=\"image.default\">\n\t\t\t\t<div class=\"elementor-widget-container\">\n\t\t\t\t\t\t\t\t\t\t\t\t\t\t\t\t<a href=\"https:\/\/acuarelamontessori.cl\/index.php\/casa-de-ninos\/\">\n\t\t\t\t\t\t\t<img decoding=\"async\" width=\"768\" height=\"1024\" src=\"https:\/\/acuarelamontessori.cl\/wp-content\/uploads\/2025\/06\/Niveles_Mesa-de-trabajo-1-1-768x1024.png\" class=\"attachment-large size-large wp-image-2021\" alt=\"\" srcset=\"https:\/\/acuarelamontessori.cl\/wp-content\/uploads\/2025\/06\/Niveles_Mesa-de-trabajo-1-1-768x1024.png 768w, https:\/\/acuarelamontessori.cl\/wp-content\/uploads\/2025\/06\/Niveles_Mesa-de-trabajo-1-1-225x300.png 225w, https:\/\/acuarelamontessori.cl\/wp-content\/uploads\/2025\/06\/Niveles_Mesa-de-trabajo-1-1-1152x1536.png 1152w, https:\/\/acuarelamontessori.cl\/wp-content\/uploads\/2025\/06\/Niveles_Mesa-de-trabajo-1-1-1536x2048.png 1536w, https:\/\/acuarelamontessori.cl\/wp-content\/uploads\/2025\/06\/Niveles_Mesa-de-trabajo-1-1-scaled.png 1920w\" sizes=\"(max-width: 768px) 100vw, 768px\" \/>\t\t\t\t\t\t\t\t<\/a>\n\t\t\t\t\t\t\t\t\t\t\t\t\t\t\t<\/div>\n\t\t\t\t<\/div>\n\t\t\t\t<\/div>\n\t\t<div class=\"elementor-element elementor-element-f2640cb e-con-full e-flex e-con e-child\" data-id=\"f2640cb\" data-element_type=\"container\">\n\t\t\t\t<div class=\"elementor-element elementor-element-a108063 elementor-widget elementor-widget-image\" data-id=\"a108063\" data-element_type=\"widget\" data-widget_type=\"image.default\">\n\t\t\t\t<div class=\"elementor-widget-container\">\n\t\t\t\t\t\t\t\t\t\t\t\t\t\t\t\t<a href=\"https:\/\/acuarelamontessori.cl\/index.php\/taller-1-1-y-2-basico\/\">\n\t\t\t\t\t\t\t<img decoding=\"async\" width=\"768\" height=\"1024\" src=\"https:\/\/acuarelamontessori.cl\/wp-content\/uploads\/2025\/06\/Niveles_Mesa-de-trabajo-1-copia-1-768x1024.png\" class=\"attachment-large size-large wp-image-2020\" alt=\"\" srcset=\"https:\/\/acuarelamontessori.cl\/wp-content\/uploads\/2025\/06\/Niveles_Mesa-de-trabajo-1-copia-1-768x1024.png 768w, https:\/\/acuarelamontessori.cl\/wp-content\/uploads\/2025\/06\/Niveles_Mesa-de-trabajo-1-copia-1-225x300.png 225w, https:\/\/acuarelamontessori.cl\/wp-content\/uploads\/2025\/06\/Niveles_Mesa-de-trabajo-1-copia-1-1152x1536.png 1152w, https:\/\/acuarelamontessori.cl\/wp-content\/uploads\/2025\/06\/Niveles_Mesa-de-trabajo-1-copia-1-1536x2048.png 1536w, https:\/\/acuarelamontessori.cl\/wp-content\/uploads\/2025\/06\/Niveles_Mesa-de-trabajo-1-copia-1-scaled.png 1920w\" sizes=\"(max-width: 768px) 100vw, 768px\" \/>\t\t\t\t\t\t\t\t<\/a>\n\t\t\t\t\t\t\t\t\t\t\t\t\t\t\t<\/div>\n\t\t\t\t<\/div>\n\t\t\t\t<\/div>\n\t\t<div class=\"elementor-element elementor-element-c632c06 e-con-full e-flex e-con e-child\" data-id=\"c632c06\" data-element_type=\"container\">\n\t\t\t\t<div class=\"elementor-element elementor-element-14e84c1 elementor-widget elementor-widget-image\" data-id=\"14e84c1\" data-element_type=\"widget\" data-widget_type=\"image.default\">\n\t\t\t\t<div class=\"elementor-widget-container\">\n\t\t\t\t\t\t\t\t\t\t\t\t\t\t\t\t<a href=\"https:\/\/acuarelamontessori.cl\/index.php\/taller-2-3-y-4-basico\/\">\n\t\t\t\t\t\t\t<img loading=\"lazy\" decoding=\"async\" width=\"768\" height=\"1024\" src=\"https:\/\/acuarelamontessori.cl\/wp-content\/uploads\/2025\/06\/Niveles_Mesa-de-trabajo-1-copia-2-1-768x1024.png\" class=\"attachment-large size-large wp-image-2016\" alt=\"\" srcset=\"https:\/\/acuarelamontessori.cl\/wp-content\/uploads\/2025\/06\/Niveles_Mesa-de-trabajo-1-copia-2-1-768x1024.png 768w, https:\/\/acuarelamontessori.cl\/wp-content\/uploads\/2025\/06\/Niveles_Mesa-de-trabajo-1-copia-2-1-225x300.png 225w, https:\/\/acuarelamontessori.cl\/wp-content\/uploads\/2025\/06\/Niveles_Mesa-de-trabajo-1-copia-2-1-1152x1536.png 1152w, https:\/\/acuarelamontessori.cl\/wp-content\/uploads\/2025\/06\/Niveles_Mesa-de-trabajo-1-copia-2-1-1536x2048.png 1536w, https:\/\/acuarelamontessori.cl\/wp-content\/uploads\/2025\/06\/Niveles_Mesa-de-trabajo-1-copia-2-1-scaled.png 1920w\" sizes=\"(max-width: 768px) 100vw, 768px\" \/>\t\t\t\t\t\t\t\t<\/a>\n\t\t\t\t\t\t\t\t\t\t\t\t\t\t\t<\/div>\n\t\t\t\t<\/div>\n\t\t\t\t<\/div>\n\t\t<div class=\"elementor-element elementor-element-d53a9df e-con-full e-flex e-con e-child\" data-id=\"d53a9df\" data-element_type=\"container\">\n\t\t\t\t<div class=\"elementor-element elementor-element-c642ccb elementor-widget elementor-widget-image\" data-id=\"c642ccb\" data-element_type=\"widget\" data-widget_type=\"image.default\">\n\t\t\t\t<div class=\"elementor-widget-container\">\n\t\t\t\t\t\t\t\t\t\t\t\t\t\t\t\t<a href=\"https:\/\/acuarelamontessori.cl\/index.php\/taller-3-5-y-6-basico\/\">\n\t\t\t\t\t\t\t<img loading=\"lazy\" decoding=\"async\" width=\"768\" height=\"1024\" src=\"https:\/\/acuarelamontessori.cl\/wp-content\/uploads\/2025\/07\/Niveles_Mesa-de-trabajo-1-copia-5_Mesa-de-trabajo-1-copia-4-768x1024.jpg\" class=\"attachment-large size-large wp-image-2135\" alt=\"\" srcset=\"https:\/\/acuarelamontessori.cl\/wp-content\/uploads\/2025\/07\/Niveles_Mesa-de-trabajo-1-copia-5_Mesa-de-trabajo-1-copia-4-768x1024.jpg 768w, https:\/\/acuarelamontessori.cl\/wp-content\/uploads\/2025\/07\/Niveles_Mesa-de-trabajo-1-copia-5_Mesa-de-trabajo-1-copia-4-225x300.jpg 225w, https:\/\/acuarelamontessori.cl\/wp-content\/uploads\/2025\/07\/Niveles_Mesa-de-trabajo-1-copia-5_Mesa-de-trabajo-1-copia-4-1152x1536.jpg 1152w, https:\/\/acuarelamontessori.cl\/wp-content\/uploads\/2025\/07\/Niveles_Mesa-de-trabajo-1-copia-5_Mesa-de-trabajo-1-copia-4-1536x2048.jpg 1536w, https:\/\/acuarelamontessori.cl\/wp-content\/uploads\/2025\/07\/Niveles_Mesa-de-trabajo-1-copia-5_Mesa-de-trabajo-1-copia-4-scaled.jpg 1920w\" sizes=\"(max-width: 768px) 100vw, 768px\" \/>\t\t\t\t\t\t\t\t<\/a>\n\t\t\t\t\t\t\t\t\t\t\t\t\t\t\t<\/div>\n\t\t\t\t<\/div>\n\t\t\t\t<\/div>\n\t\t<div class=\"elementor-element elementor-element-ec17c09 e-con-full e-flex e-con e-child\" data-id=\"ec17c09\" data-element_type=\"container\">\n\t\t\t\t<div class=\"elementor-element elementor-element-ede7800 elementor-widget elementor-widget-image\" data-id=\"ede7800\" data-element_type=\"widget\" data-widget_type=\"image.default\">\n\t\t\t\t<div class=\"elementor-widget-container\">\n\t\t\t\t\t\t\t\t\t\t\t\t\t\t\t\t<a href=\"https:\/\/acuarelamontessori.cl\/index.php\/taller-4-7-y-8-basico\/\">\n\t\t\t\t\t\t\t<img loading=\"lazy\" decoding=\"async\" width=\"768\" height=\"1024\" src=\"https:\/\/acuarelamontessori.cl\/wp-content\/uploads\/2025\/07\/Niveles_Mesa-de-trabajo-1-copia-5_Mesa-de-trabajo-1-copia-5-768x1024.jpg\" class=\"attachment-large size-large wp-image-2136\" alt=\"\" srcset=\"https:\/\/acuarelamontessori.cl\/wp-content\/uploads\/2025\/07\/Niveles_Mesa-de-trabajo-1-copia-5_Mesa-de-trabajo-1-copia-5-768x1024.jpg 768w, https:\/\/acuarelamontessori.cl\/wp-content\/uploads\/2025\/07\/Niveles_Mesa-de-trabajo-1-copia-5_Mesa-de-trabajo-1-copia-5-225x300.jpg 225w, https:\/\/acuarelamontessori.cl\/wp-content\/uploads\/2025\/07\/Niveles_Mesa-de-trabajo-1-copia-5_Mesa-de-trabajo-1-copia-5-1152x1536.jpg 1152w, https:\/\/acuarelamontessori.cl\/wp-content\/uploads\/2025\/07\/Niveles_Mesa-de-trabajo-1-copia-5_Mesa-de-trabajo-1-copia-5-1536x2048.jpg 1536w, https:\/\/acuarelamontessori.cl\/wp-content\/uploads\/2025\/07\/Niveles_Mesa-de-trabajo-1-copia-5_Mesa-de-trabajo-1-copia-5-scaled.jpg 1920w\" sizes=\"(max-width: 768px) 100vw, 768px\" \/>\t\t\t\t\t\t\t\t<\/a>\n\t\t\t\t\t\t\t\t\t\t\t\t\t\t\t<\/div>\n\t\t\t\t<\/div>\n\t\t\t\t<\/div>\n\t\t<div class=\"elementor-element elementor-element-169a982 e-con-full e-flex e-con e-child\" data-id=\"169a982\" data-element_type=\"container\">\n\t\t\t\t<div class=\"elementor-element elementor-element-4fa1e93 elementor-widget elementor-widget-image\" data-id=\"4fa1e93\" data-element_type=\"widget\" data-widget_type=\"image.default\">\n\t\t\t\t<div class=\"elementor-widget-container\">\n\t\t\t\t\t\t\t\t\t\t\t\t\t\t\t\t<a href=\"https:\/\/acuarelamontessori.cl\/index.php\/taller-5-i-medio\/\">\n\t\t\t\t\t\t\t<img loading=\"lazy\" decoding=\"async\" width=\"768\" height=\"1024\" src=\"https:\/\/acuarelamontessori.cl\/wp-content\/uploads\/2025\/07\/Niveles_Mesa-de-trabajo-1-copia-5_Mesa-de-trabajo-1-copia-5-768x1024.png\" class=\"attachment-large size-large wp-image-2138\" alt=\"\" srcset=\"https:\/\/acuarelamontessori.cl\/wp-content\/uploads\/2025\/07\/Niveles_Mesa-de-trabajo-1-copia-5_Mesa-de-trabajo-1-copia-5-768x1024.png 768w, https:\/\/acuarelamontessori.cl\/wp-content\/uploads\/2025\/07\/Niveles_Mesa-de-trabajo-1-copia-5_Mesa-de-trabajo-1-copia-5-225x300.png 225w, https:\/\/acuarelamontessori.cl\/wp-content\/uploads\/2025\/07\/Niveles_Mesa-de-trabajo-1-copia-5_Mesa-de-trabajo-1-copia-5-1152x1536.png 1152w, https:\/\/acuarelamontessori.cl\/wp-content\/uploads\/2025\/07\/Niveles_Mesa-de-trabajo-1-copia-5_Mesa-de-trabajo-1-copia-5-1536x2048.png 1536w, https:\/\/acuarelamontessori.cl\/wp-content\/uploads\/2025\/07\/Niveles_Mesa-de-trabajo-1-copia-5_Mesa-de-trabajo-1-copia-5-scaled.png 1920w\" sizes=\"(max-width: 768px) 100vw, 768px\" \/>\t\t\t\t\t\t\t\t<\/a>\n\t\t\t\t\t\t\t\t\t\t\t\t\t\t\t<\/div>\n\t\t\t\t<\/div>\n\t\t\t\t<\/div>\n\t\t\t\t\t<\/div>\n\t\t\t\t<\/div>\n\t\t<div class=\"elementor-element elementor-element-ad1bcf2 e-con-full e-flex e-con e-parent\" data-id=\"ad1bcf2\" data-element_type=\"container\">\n\t\t\t\t<div class=\"elementor-element elementor-element-7835fab elementor-widget elementor-widget-image\" data-id=\"7835fab\" data-element_type=\"widget\" data-widget_type=\"image.default\">\n\t\t\t\t<div class=\"elementor-widget-container\">\n\t\t\t\t\t\t\t\t\t\t\t\t\t\t\t<img loading=\"lazy\" decoding=\"async\" width=\"1024\" height=\"768\" src=\"https:\/\/acuarelamontessori.cl\/wp-content\/uploads\/2025\/07\/20221214_114714_Original-1024x768.jpg\" class=\"attachment-large size-large wp-image-2311\" alt=\"\" srcset=\"https:\/\/acuarelamontessori.cl\/wp-content\/uploads\/2025\/07\/20221214_114714_Original-1024x768.jpg 1024w, https:\/\/acuarelamontessori.cl\/wp-content\/uploads\/2025\/07\/20221214_114714_Original-300x225.jpg 300w, https:\/\/acuarelamontessori.cl\/wp-content\/uploads\/2025\/07\/20221214_114714_Original-768x576.jpg 768w, https:\/\/acuarelamontessori.cl\/wp-content\/uploads\/2025\/07\/20221214_114714_Original-1536x1152.jpg 1536w, https:\/\/acuarelamontessori.cl\/wp-content\/uploads\/2025\/07\/20221214_114714_Original-2048x1536.jpg 2048w\" sizes=\"(max-width: 1024px) 100vw, 1024px\" \/>\t\t\t\t\t\t\t\t\t\t\t\t\t\t\t<\/div>\n\t\t\t\t<\/div>\n\t\t\t\t<\/div>\n\t\t<div class=\"elementor-element elementor-element-b465292 e-flex e-con-boxed e-con e-parent\" data-id=\"b465292\" data-element_type=\"container\" data-settings=\"{&quot;background_background&quot;:&quot;classic&quot;,&quot;shape_divider_top&quot;:&quot;mountains&quot;}\">\n\t\t\t\t\t<div class=\"e-con-inner\">\n\t\t\t\t<div class=\"elementor-shape elementor-shape-top\" aria-hidden=\"true\" data-negative=\"false\">\n\t\t\t<svg xmlns=\"http:\/\/www.w3.org\/2000\/svg\" viewBox=\"0 0 1000 100\" preserveAspectRatio=\"none\">\n\t<path class=\"elementor-shape-fill\" opacity=\"0.33\" d=\"M473,67.3c-203.9,88.3-263.1-34-320.3,0C66,119.1,0,59.7,0,59.7V0h1000v59.7 c0,0-62.1,26.1-94.9,29.3c-32.8,3.3-62.8-12.3-75.8-22.1C806,49.6,745.3,8.7,694.9,4.7S492.4,59,473,67.3z\"\/>\n\t<path class=\"elementor-shape-fill\" opacity=\"0.66\" d=\"M734,67.3c-45.5,0-77.2-23.2-129.1-39.1c-28.6-8.7-150.3-10.1-254,39.1 s-91.7-34.4-149.2,0C115.7,118.3,0,39.8,0,39.8V0h1000v36.5c0,0-28.2-18.5-92.1-18.5C810.2,18.1,775.7,67.3,734,67.3z\"\/>\n\t<path class=\"elementor-shape-fill\" d=\"M766.1,28.9c-200-57.5-266,65.5-395.1,19.5C242,1.8,242,5.4,184.8,20.6C128,35.8,132.3,44.9,89.9,52.5C28.6,63.7,0,0,0,0 h1000c0,0-9.9,40.9-83.6,48.1S829.6,47,766.1,28.9z\"\/>\n<\/svg>\t\t<\/div>\n\t\t\t\t<div class=\"elementor-element elementor-element-6b44337 elementor-widget elementor-widget-text-editor\" data-id=\"6b44337\" data-element_type=\"widget\" data-widget_type=\"text-editor.default\">\n\t\t\t\t<div class=\"elementor-widget-container\">\n\t\t\t\t\t\t\t\t\t<p><span style=\"color: #536942; font-family: Rubik, sans-serif; font-size: 1.058824rem; text-align: var(--text-align);\"><br><\/span><\/p>\n<p><i><span style=\"color: #536942; font-family: Rubik, sans-serif; font-size: 1.058824rem; text-align: var(--text-align);\">\u201cTodo<\/span><span style=\"color: #536942; font-family: Rubik, sans-serif; font-size: 1.058824rem; text-align: var(--text-align);\"> el mundo habla de paz, pero nadie educa para la paz, todo el mundo educa para la competencia y este es el principio de cualquier guerra. Cuando eduquemos para cooperar y ser solidarios unos con otros, ese d\u00eda estaremos educando para la Paz\u201d.<\/span><\/i><\/p>\n<p><span style=\"color: #536942; font-family: Rubik, sans-serif; font-size: 1.058824rem; text-align: var(--text-align);\">&nbsp;<\/span><\/p>\n<h5 style=\"font-size: 1.058824rem;\"><span style=\"font-weight: normal;\"><i>Mar\u00eda Montessori<\/i><\/span><\/h5>\n<div><span style=\"font-weight: normal;\"><i><br><\/i><\/span><\/div>\t\t\t\t\t\t\t\t<\/div>\n\t\t\t\t<\/div>\n\t\t\t\t\t<\/div>\n\t\t\t\t<\/div>\n\t\t<div class=\"elementor-element elementor-element-25061f9 e-con-full e-flex e-con e-parent\" data-id=\"25061f9\" data-element_type=\"container\">\n\t\t\t\t<div class=\"elementor-element elementor-element-d1bc7d3 elementor-widget__width-inherit elementor-widget elementor-widget-google_maps\" data-id=\"d1bc7d3\" data-element_type=\"widget\" data-widget_type=\"google_maps.default\">\n\t\t\t\t<div class=\"elementor-widget-container\">\n\t\t\t\t\t\t\t<div class=\"elementor-custom-embed\">\n\t\t\t<iframe loading=\"lazy\"\n\t\t\t\t\tsrc=\"https:\/\/maps.google.com\/maps?q=Colegio%20Acuarela%20Montessori%20Pucon&#038;t=m&#038;z=13&#038;output=embed&#038;iwloc=near\"\n\t\t\t\t\ttitle=\"Colegio Acuarela Montessori Pucon\"\n\t\t\t\t\taria-label=\"Colegio Acuarela Montessori Pucon\"\n\t\t\t><\/iframe>\n\t\t<\/div>\n\t\t\t\t\t\t<\/div>\n\t\t\t\t<\/div>\n\t\t\t\t<\/div>\n\t\t\t\t<\/div>\n\t\t","protected":false},"excerpt":{"rendered":"<p>Acuarela Montessori Educaci\u00f3n para la Paz y la Sustentabilidad Nuestra escuela Filosof\u00eda Montessori. Relaciones humanas horizontales. Consciencia ambiental. Desarrollo de habilidades blandas. Visi\u00f3n c\u00f3smica. Educaci\u00f3n personalizada. Desarrollo del ingl\u00e9s. Trabajamos &hellip;<\/p>\n<p class=\"read-more\"> <a class=\"\" href=\"https:\/\/acuarelamontessori.cl\/\"> <span class=\"screen-reader-text\">Inicio<\/span> Read More &raquo;<\/a><\/p>\n","protected":false},"author":1,"featured_media":0,"parent":0,"menu_order":0,"comment_status":"closed","ping_status":"closed","template":"elementor_header_footer","meta":{"_uag_custom_page_level_css":"","site-sidebar-layout":"no-sidebar","site-content-layout":"page-builder","ast-global-header-display":"","ast-main-header-display":"","ast-hfb-above-header-display":"","ast-hfb-below-header-display":"","ast-hfb-mobile-header-display":"","site-post-title":"disabled","ast-breadcrumbs-content":"disabled","ast-featured-img":"disabled","footer-sml-layout":"","theme-transparent-header-meta":"default","adv-header-id-meta":"","stick-header-meta":"","header-above-stick-meta":"","header-main-stick-meta":"","header-below-stick-meta":"","footnotes":""},"class_list":["post-466","page","type-page","status-publish","hentry"],"uagb_featured_image_src":{"full":false,"thumbnail":false,"medium":false,"medium_large":false,"large":false,"1536x1536":false,"2048x2048":false},"uagb_author_info":{"display_name":"acuarelaadmin","author_link":"https:\/\/acuarelamontessori.cl\/index.php\/author\/acuarelaadmin\/"},"uagb_comment_info":0,"uagb_excerpt":"Acuarela Montessori Educaci\u00f3n para la Paz y la Sustentabilidad Nuestra escuela Filosof\u00eda Montessori. Relaciones humanas horizontales. Consciencia ambiental. Desarrollo de habilidades blandas. Visi\u00f3n c\u00f3smica. Educaci\u00f3n personalizada. Desarrollo del ingl\u00e9s. Trabajamos &hellip; Inicio Read More &raquo;","_links":{"self":[{"href":"https:\/\/acuarelamontessori.cl\/index.php\/wp-json\/wp\/v2\/pages\/466","targetHints":{"allow":["GET"]}}],"collection":[{"href":"https:\/\/acuarelamontessori.cl\/index.php\/wp-json\/wp\/v2\/pages"}],"about":[{"href":"https:\/\/acuarelamontessori.cl\/index.php\/wp-json\/wp\/v2\/types\/page"}],"author":[{"embeddable":true,"href":"https:\/\/acuarelamontessori.cl\/index.php\/wp-json\/wp\/v2\/users\/1"}],"replies":[{"embeddable":true,"href":"https:\/\/acuarelamontessori.cl\/index.php\/wp-json\/wp\/v2\/comments?post=466"}],"version-history":[{"count":354,"href":"https:\/\/acuarelamontessori.cl\/index.php\/wp-json\/wp\/v2\/pages\/466\/revisions"}],"predecessor-version":[{"id":2370,"href":"https:\/\/acuarelamontessori.cl\/index.php\/wp-json\/wp\/v2\/pages\/466\/revisions\/2370"}],"wp:attachment":[{"href":"https:\/\/acuarelamontessori.cl\/index.php\/wp-json\/wp\/v2\/media?parent=466"}],"curies":[{"name":"wp","href":"https:\/\/api.w.org\/{rel}","templated":true}]}}